{"id":1377,"date":"2021-09-10T10:16:30","date_gmt":"2021-09-10T08:16:30","guid":{"rendered":"https:\/\/pujadas.co\/politica-de-cookies\/"},"modified":"2021-09-10T10:16:30","modified_gmt":"2021-09-10T08:16:30","slug":"politica-de-cookies","status":"publish","type":"page","link":"https:\/\/pujadas.co\/co\/politica-de-cookies\/","title":{"rendered":"Pol\u00edtica de Cookies"},"content":{"rendered":"<p>[et_pb_section fb_built=&#8221;1&#8243; _builder_version=&#8221;4.16&#8243; global_colors_info=&#8221;{}&#8221;][et_pb_row _builder_version=&#8221;4.27.4&#8243; background_size=&#8221;initial&#8221; background_position=&#8221;top_left&#8221; background_repeat=&#8221;repeat&#8221; hover_enabled=&#8221;0&#8243; global_colors_info=&#8221;{}&#8221; sticky_enabled=&#8221;0&#8243;][et_pb_column type=&#8221;4_4&#8243; _builder_version=&#8221;4.27.4&#8243; _module_preset=&#8221;default&#8221; global_colors_info=&#8221;{}&#8221;][et_pb_text _builder_version=&#8221;4.27.4&#8243; _module_preset=&#8221;default&#8221; hover_enabled=&#8221;0&#8243; sticky_enabled=&#8221;0&#8243;]<\/p>\n<h1><span lang=\"EN-US\">POL\u00cdTICA DE COOKIES<\/span><\/h1>\n<p>Este sitio web utiliza cookies para mejorar la experiencia del usuario. Al continuar navegando por el sitio, el usuario acepta el uso de cookies conforme a la presente pol\u00edtica.<\/p>\n<p>\u00bfQu\u00e9 son las cookies?<br \/>Una cookie es un peque\u00f1o archivo de texto que se almacena en el navegador del usuario al visitar una p\u00e1gina web. Sirven para recordar preferencias del usuario y mejorar su navegaci\u00f3n.<\/p>\n<p>Tipos de cookies utilizadas:<br \/>&#8211; Cookies t\u00e9cnicas: necesarias para el funcionamiento del sitio.<br \/>&#8211; Cookies de an\u00e1lisis: permiten cuantificar el n\u00famero de usuarios y realizar medici\u00f3n y an\u00e1lisis estad\u00edstico.<\/p>\n<p>C\u00f3mo desactivar las cookies:<br \/>El usuario puede configurar su navegador para bloquear o eliminar las cookies. Sin embargo, esto puede afectar el funcionamiento del sitio web.<\/p>\n<p>Para m\u00e1s informaci\u00f3n sobre el uso de cookies, puede escribirnos a info@pujadas.co<\/p>\n<p>[\/et_pb_text][\/et_pb_column][\/et_pb_row][\/et_pb_section]<\/p>\n","protected":false},"excerpt":{"rendered":"<p>POL\u00cdTICA DE COOKIES Este sitio web utiliza cookies para mejorar la experiencia del usuario. Al continuar navegando por el sitio, el usuario acepta el uso de cookies conforme a la presente pol\u00edtica. \u00bfQu\u00e9 son las cookies?Una cookie es un peque\u00f1o archivo de texto que se almacena en el navegador del usuario al visitar una p\u00e1gina [&hellip;]<\/p>\n","protected":false},"author":3,"featured_media":0,"parent":0,"menu_order":0,"comment_status":"closed","ping_status":"closed","template":"","meta":{"_et_pb_use_builder":"on","_et_pb_old_content":"","_et_gb_content_width":"","footnotes":""},"class_list":["post-1377","page","type-page","status-publish","hentry"],"yoast_head":"<!-- This site is optimized with the Yoast SEO plugin v25.0 - https:\/\/yoast.com\/wordpress\/plugins\/seo\/ -->\n<title>Pol\u00edtica de Cookies - Pujadas Proyectos T\u00e9cnicos y Formativos<\/title>\n<meta name=\"robots\" content=\"index, follow, max-snippet:-1, max-image-preview:large, max-video-preview:-1\" \/>\n<link rel=\"canonical\" href=\"https:\/\/pujadas.co\/co\/politica-de-cookies\/\" \/>\n<meta property=\"og:locale\" content=\"es_ES\" \/>\n<meta property=\"og:type\" content=\"article\" \/>\n<meta property=\"og:title\" content=\"Pol\u00edtica de Cookies - Pujadas Proyectos T\u00e9cnicos y Formativos\" \/>\n<meta property=\"og:description\" content=\"POL\u00cdTICA DE COOKIES Este sitio web utiliza cookies para mejorar la experiencia del usuario. Al continuar navegando por el sitio, el usuario acepta el uso de cookies conforme a la presente pol\u00edtica. \u00bfQu\u00e9 son las cookies?Una cookie es un peque\u00f1o archivo de texto que se almacena en el navegador del usuario al visitar una p\u00e1gina [&hellip;]\" \/>\n<meta property=\"og:url\" content=\"https:\/\/pujadas.co\/co\/politica-de-cookies\/\" \/>\n<meta property=\"og:site_name\" content=\"Pujadas Proyectos T\u00e9cnicos y Formativos\" \/>\n<meta name=\"twitter:card\" content=\"summary_large_image\" \/>\n<meta name=\"twitter:label1\" content=\"Tiempo de lectura\" \/>\n\t<meta name=\"twitter:data1\" content=\"1 minuto\" \/>\n<script type=\"application\/ld+json\" class=\"yoast-schema-graph\">{\"@context\":\"https:\/\/schema.org\",\"@graph\":[{\"@type\":\"WebPage\",\"@id\":\"https:\/\/pujadas.co\/co\/politica-de-cookies\/\",\"url\":\"https:\/\/pujadas.co\/co\/politica-de-cookies\/\",\"name\":\"Pol\u00edtica de Cookies - Pujadas Proyectos T\u00e9cnicos y Formativos\",\"isPartOf\":{\"@id\":\"https:\/\/pujadas.co\/co\/#website\"},\"datePublished\":\"2021-09-10T08:16:30+00:00\",\"breadcrumb\":{\"@id\":\"https:\/\/pujadas.co\/co\/politica-de-cookies\/#breadcrumb\"},\"inLanguage\":\"es-CO\",\"potentialAction\":[{\"@type\":\"ReadAction\",\"target\":[\"https:\/\/pujadas.co\/co\/politica-de-cookies\/\"]}]},{\"@type\":\"BreadcrumbList\",\"@id\":\"https:\/\/pujadas.co\/co\/politica-de-cookies\/#breadcrumb\",\"itemListElement\":[{\"@type\":\"ListItem\",\"position\":1,\"name\":\"Inici\",\"item\":\"https:\/\/pujadas.co\/co\/\"},{\"@type\":\"ListItem\",\"position\":2,\"name\":\"Pol\u00edtica de Cookies\"}]},{\"@type\":\"WebSite\",\"@id\":\"https:\/\/pujadas.co\/co\/#website\",\"url\":\"https:\/\/pujadas.co\/co\/\",\"name\":\"Pujadas Proyectos T\u00e9cnicos y Formativos\",\"description\":\"\",\"potentialAction\":[{\"@type\":\"SearchAction\",\"target\":{\"@type\":\"EntryPoint\",\"urlTemplate\":\"https:\/\/pujadas.co\/co\/?s={search_term_string}\"},\"query-input\":{\"@type\":\"PropertyValueSpecification\",\"valueRequired\":true,\"valueName\":\"search_term_string\"}}],\"inLanguage\":\"es-CO\"}]}<\/script>\n<!-- \/ Yoast SEO plugin. -->","yoast_head_json":{"title":"Pol\u00edtica de Cookies - Pujadas Proyectos T\u00e9cnicos y Formativos","robots":{"index":"index","follow":"follow","max-snippet":"max-snippet:-1","max-image-preview":"max-image-preview:large","max-video-preview":"max-video-preview:-1"},"canonical":"https:\/\/pujadas.co\/co\/politica-de-cookies\/","og_locale":"es_ES","og_type":"article","og_title":"Pol\u00edtica de Cookies - Pujadas Proyectos T\u00e9cnicos y Formativos","og_description":"POL\u00cdTICA DE COOKIES Este sitio web utiliza cookies para mejorar la experiencia del usuario. Al continuar navegando por el sitio, el usuario acepta el uso de cookies conforme a la presente pol\u00edtica. \u00bfQu\u00e9 son las cookies?Una cookie es un peque\u00f1o archivo de texto que se almacena en el navegador del usuario al visitar una p\u00e1gina [&hellip;]","og_url":"https:\/\/pujadas.co\/co\/politica-de-cookies\/","og_site_name":"Pujadas Proyectos T\u00e9cnicos y Formativos","twitter_card":"summary_large_image","twitter_misc":{"Tiempo de lectura":"1 minuto"},"schema":{"@context":"https:\/\/schema.org","@graph":[{"@type":"WebPage","@id":"https:\/\/pujadas.co\/co\/politica-de-cookies\/","url":"https:\/\/pujadas.co\/co\/politica-de-cookies\/","name":"Pol\u00edtica de Cookies - Pujadas Proyectos T\u00e9cnicos y Formativos","isPartOf":{"@id":"https:\/\/pujadas.co\/co\/#website"},"datePublished":"2021-09-10T08:16:30+00:00","breadcrumb":{"@id":"https:\/\/pujadas.co\/co\/politica-de-cookies\/#breadcrumb"},"inLanguage":"es-CO","potentialAction":[{"@type":"ReadAction","target":["https:\/\/pujadas.co\/co\/politica-de-cookies\/"]}]},{"@type":"BreadcrumbList","@id":"https:\/\/pujadas.co\/co\/politica-de-cookies\/#breadcrumb","itemListElement":[{"@type":"ListItem","position":1,"name":"Inici","item":"https:\/\/pujadas.co\/co\/"},{"@type":"ListItem","position":2,"name":"Pol\u00edtica de Cookies"}]},{"@type":"WebSite","@id":"https:\/\/pujadas.co\/co\/#website","url":"https:\/\/pujadas.co\/co\/","name":"Pujadas Proyectos T\u00e9cnicos y Formativos","description":"","potentialAction":[{"@type":"SearchAction","target":{"@type":"EntryPoint","urlTemplate":"https:\/\/pujadas.co\/co\/?s={search_term_string}"},"query-input":{"@type":"PropertyValueSpecification","valueRequired":true,"valueName":"search_term_string"}}],"inLanguage":"es-CO"}]}},"_links":{"self":[{"href":"https:\/\/pujadas.co\/co\/wp-json\/wp\/v2\/pages\/1377","targetHints":{"allow":["GET"]}}],"collection":[{"href":"https:\/\/pujadas.co\/co\/wp-json\/wp\/v2\/pages"}],"about":[{"href":"https:\/\/pujadas.co\/co\/wp-json\/wp\/v2\/types\/page"}],"author":[{"embeddable":true,"href":"https:\/\/pujadas.co\/co\/wp-json\/wp\/v2\/users\/3"}],"replies":[{"embeddable":true,"href":"https:\/\/pujadas.co\/co\/wp-json\/wp\/v2\/comments?post=1377"}],"version-history":[{"count":0,"href":"https:\/\/pujadas.co\/co\/wp-json\/wp\/v2\/pages\/1377\/revisions"}],"wp:attachment":[{"href":"https:\/\/pujadas.co\/co\/wp-json\/wp\/v2\/media?parent=1377"}],"curies":[{"name":"wp","href":"https:\/\/api.w.org\/{rel}","templated":true}]}}