{"id":1251,"date":"2025-01-10T11:57:28","date_gmt":"2025-01-10T10:57:28","guid":{"rendered":"https:\/\/pujadas.co\/tienda\/"},"modified":"2025-01-24T11:40:26","modified_gmt":"2025-01-24T10:40:26","slug":"tienda","status":"publish","type":"page","link":"https:\/\/pujadas.co\/es\/tienda\/","title":{"rendered":"Tienda"},"content":{"rendered":"<p>[et_pb_section fb_built=\u00bb1&#8243; custom_padding_last_edited=\u00bbon|tablet\u00bb next_background_color=\u00bb#ffffff\u00bb admin_label=\u00bbHero\u00bb _builder_version=\u00bb4.27.4&#8243; use_background_color_gradient=\u00bbon\u00bb background_color_gradient_type=\u00bbcircular\u00bb background_color_gradient_direction_radial=\u00bbtop right\u00bb background_color_gradient_stops=\u00bbrgba(255,255,255,0) 20%|rgba(237,28,36,0.6) 100%\u00bb background_color_gradient_overlays_image=\u00bbon\u00bb background_color_gradient_start=\u00bbrgba(255,255,255,0)\u00bb background_color_gradient_start_position=\u00bb20%\u00bb background_color_gradient_end=\u00bbrgba(1,77,183,0.9)\u00bb background_image=\u00bbhttps:\/\/pujadas.co\/wp-content\/uploads\/2025\/01\/home_img_1.webp\u00bb custom_padding=\u00bb110px|0px|160px|0px|false|false\u00bb custom_padding_tablet=\u00bb50px||50px||true\u00bb custom_padding_phone=\u00bb|||\u00bb bottom_divider_style=\u00bbasymmetric\u00bb bottom_divider_height=\u00bb50px\u00bb bottom_divider_flip=\u00bbhorizontal\u00bb bottom_divider_height_tablet=\u00bb90px\u00bb bottom_divider_height_phone=\u00bb80px\u00bb global_colors_info=\u00bb{}\u00bb][et_pb_row column_structure=\u00bb2_3,1_3&#8243; _builder_version=\u00bb4.16&#8243; custom_width_px=\u00bb1280px\u00bb global_colors_info=\u00bb{}\u00bb][et_pb_column type=\u00bb2_3&#8243; _builder_version=\u00bb4.16&#8243; custom_padding=\u00bb|||\u00bb global_colors_info=\u00bb{}\u00bb custom_padding__hover=\u00bb|||\u00bb][et_pb_text _builder_version=\u00bb4.27.4&#8243; text_font=\u00bbMontserrat||||||||\u00bb text_text_color=\u00bbrgba(255,255,255,0.7)\u00bb text_font_size=\u00bb20px\u00bb text_line_height=\u00bb1.8em\u00bb header_font=\u00bbMontserrat|700|||||||\u00bb header_font_size=\u00bb44px\u00bb header_line_height=\u00bb1.4em\u00bb header_6_font=\u00bbMontserrat|600||on|||||\u00bb header_6_text_color=\u00bbrgba(255,255,255,0.7)\u00bb header_6_font_size=\u00bb16px\u00bb header_6_letter_spacing=\u00bb2px\u00bb header_6_line_height=\u00bb1.5em\u00bb background_layout=\u00bbdark\u00bb max_width=\u00bb780px\u00bb text_font_size_tablet=\u00bb\u00bb text_font_size_phone=\u00bb15px\u00bb text_font_size_last_edited=\u00bbon|phone\u00bb header_font_size_tablet=\u00bb\u00bb header_font_size_phone=\u00bb28px\u00bb header_font_size_last_edited=\u00bbon|phone\u00bb global_colors_info=\u00bb{}\u00bb]<\/p>\n<h1>Coneix els nostres productes<\/h1>\n<p>[\/et_pb_text][\/et_pb_column][et_pb_column type=\u00bb1_3&#8243; _builder_version=\u00bb4.16&#8243; custom_padding=\u00bb|||\u00bb global_colors_info=\u00bb{}\u00bb custom_padding__hover=\u00bb|||\u00bb][\/et_pb_column][\/et_pb_row][\/et_pb_section][et_pb_section fb_built=\u00bb1&#8243; admin_label=\u00bbProducts\u00bb _builder_version=\u00bb4.16&#8243; background_color=\u00bb#ffffff\u00bb custom_padding=\u00bb53.625px|0px|53.625px|0|false|false\u00bb global_colors_info=\u00bb{}\u00bb][et_pb_row _builder_version=\u00bb4.27.4&#8243; _module_preset=\u00bbdefault\u00bb global_colors_info=\u00bb{}\u00bb][et_pb_column type=\u00bb4_4&#8243; _builder_version=\u00bb4.27.4&#8243; _module_preset=\u00bbdefault\u00bb global_colors_info=\u00bb{}\u00bb][et_pb_text _builder_version=\u00bb4.27.4&#8243; _module_preset=\u00bbdefault\u00bb text_font_size=\u00bb16px\u00bb text_line_height=\u00bb1.8em\u00bb header_2_font=\u00bb|700|||||||\u00bb header_2_text_color=\u00bb#ed1c24&#8243; text_font_size_tablet=\u00bb15px\u00bb text_font_size_phone=\u00bb14px\u00bb text_font_size_last_edited=\u00bbon|desktop\u00bb custom_css_free_form=\u00bbselector h2 {||  margin-bottom: 15px;||}\u00bb locked=\u00bboff\u00bb global_colors_info=\u00bb{}\u00bb]<\/p>\n<h2>Solucions dom\u00f2tiques innovadores<\/h2>\n<p>A <strong>Pujadas<\/strong> ens apassiona fer la vostra vida m\u00e9s c\u00f2moda, segura i eficient. Som especialistes en solucions dom\u00f2tiques avan\u00e7ades, dissenyades per transformar qualsevol espai en un entorn intel\u00b7ligent i connectat. Des de sistemes d&#8217;il\u00b7luminaci\u00f3 i climatitzaci\u00f3 automatitzada fins a sistemes de seguretat de darrera generaci\u00f3, oferim tecnologies integrades que s&#8217;adapten a les vostres necessitats.<\/p>\n<p>Descobriu com la dom\u00f2tica pot simplificar el vostre dia a dia, millorant el confort, reduint el consum energ\u00e8tic i oferint-vos el control total de la vostra llar o negoci, tot des del vostre tel\u00e8fon m\u00f2bil o tauleta.<\/p>\n<p>Confieu en <strong>Pujadas<\/strong>, on la innovaci\u00f3 i la qualitat es combinen per oferir-vos una experi\u00e8ncia \u00fanica i personalitzada. Transformeu el vostre espai amb nosaltres!<\/p>\n<p>[\/et_pb_text][\/et_pb_column][\/et_pb_row][et_pb_row column_structure=\u00bb1_3,1_3,1_3&#8243; _builder_version=\u00bb4.27.4&#8243; _module_preset=\u00bbdefault\u00bb locked=\u00bboff\u00bb global_colors_info=\u00bb{}\u00bb][et_pb_column type=\u00bb1_3&#8243; _builder_version=\u00bb4.27.4&#8243; _module_preset=\u00bbdefault\u00bb background_enable_color=\u00bboff\u00bb background_image=\u00bbhttps:\/\/pujadas.co\/wp-content\/uploads\/2025\/01\/home_cat_1.jpg\u00bb custom_padding=\u00bb150px||50px||false|false\u00bb custom_css_main_element=\u00bbborder-radius:20px;||overflow: hidden;\u00bb box_shadow_style=\u00bbpreset3&#8243; box_shadow_spread=\u00bb-12px\u00bb global_colors_info=\u00bb{}\u00bb][et_pb_blurb title=\u00bbCategoria 1&#8243; content_max_width=\u00bb100%\u00bb _builder_version=\u00bb4.27.4&#8243; _module_preset=\u00bbdefault\u00bb header_font=\u00bb|700|||||||\u00bb header_text_color=\u00bb#FFFFFF\u00bb header_font_size=\u00bb24px\u00bb body_text_color=\u00bb#FFFFFF\u00bb width=\u00bb66%\u00bb module_alignment=\u00bbleft\u00bb custom_margin=\u00bb||||false|false\u00bb custom_padding=\u00bb|25px||25px|false|true\u00bb custom_css_blurb_title=\u00bbmargin-bottom: 10px\u00bb text_shadow_style=\u00bbpreset1&#8243; global_colors_info=\u00bb{}\u00bb]<\/p>\n<p>Controla i automatitza casa teva amb els nostres productes de dom\u00f2tica.<\/p>\n<p>[\/et_pb_blurb][et_pb_button button_text=\u00bbVeure productes\u00bb _builder_version=\u00bb4.27.4&#8243; _module_preset=\u00bbdefault\u00bb custom_button=\u00bbon\u00bb button_text_size=\u00bb14px\u00bb button_text_color=\u00bb#ed1c24&#8243; button_bg_color=\u00bb#FFFFFF\u00bb button_border_width=\u00bb0px\u00bb button_letter_spacing=\u00bb1px\u00bb custom_margin=\u00bb|||25px|false|false\u00bb hover_enabled=\u00bb0&#8243; global_colors_info=\u00bb{}\u00bb button_url=\u00bb\/pujadas\/c\/categoria-1&#8243; sticky_enabled=\u00bb0&#8243;][\/et_pb_button][\/et_pb_column][et_pb_column type=\u00bb1_3&#8243; _builder_version=\u00bb4.27.4&#8243; _module_preset=\u00bbdefault\u00bb background_enable_color=\u00bboff\u00bb background_image=\u00bbhttps:\/\/pujadas.co\/wp-content\/uploads\/2025\/01\/home_cat_2.jpg\u00bb custom_padding=\u00bb150px||50px||false|false\u00bb custom_css_main_element=\u00bbborder-radius:20px;||overflow: hidden;\u00bb box_shadow_style=\u00bbpreset3&#8243; box_shadow_spread=\u00bb-12px\u00bb global_colors_info=\u00bb{}\u00bb][et_pb_blurb title=\u00bbCategoria 2&#8243; content_max_width=\u00bb100%\u00bb _builder_version=\u00bb4.27.4&#8243; _module_preset=\u00bbdefault\u00bb header_font=\u00bb|700|||||||\u00bb header_text_color=\u00bb#FFFFFF\u00bb header_font_size=\u00bb24px\u00bb body_text_color=\u00bb#FFFFFF\u00bb width=\u00bb66%\u00bb module_alignment=\u00bbleft\u00bb custom_margin=\u00bb||||false|false\u00bb custom_padding=\u00bb|25px||25px|false|true\u00bb custom_css_blurb_title=\u00bbmargin-bottom: 10px\u00bb text_shadow_style=\u00bbpreset1&#8243; global_colors_info=\u00bb{}\u00bb]<\/p>\n<p>Controla i automatitza casa teva amb els nostres productes de dom\u00f2tica.<\/p>\n<p>[\/et_pb_blurb][et_pb_button button_text=\u00bbVeure productes\u00bb _builder_version=\u00bb4.27.4&#8243; _module_preset=\u00bbdefault\u00bb custom_button=\u00bbon\u00bb button_text_size=\u00bb14px\u00bb button_text_color=\u00bb#ed1c24&#8243; button_bg_color=\u00bb#FFFFFF\u00bb button_border_width=\u00bb0px\u00bb button_letter_spacing=\u00bb1px\u00bb custom_margin=\u00bb|||25px|false|false\u00bb global_colors_info=\u00bb{}\u00bb][\/et_pb_button][\/et_pb_column][et_pb_column type=\u00bb1_3&#8243; _builder_version=\u00bb4.27.4&#8243; _module_preset=\u00bbdefault\u00bb background_enable_color=\u00bboff\u00bb background_image=\u00bbhttps:\/\/pujadas.co\/wp-content\/uploads\/2025\/01\/home_cat_3.jpg\u00bb custom_padding=\u00bb150px||50px||false|false\u00bb custom_css_main_element=\u00bbborder-radius:20px;||overflow: hidden;\u00bb box_shadow_style=\u00bbpreset3&#8243; box_shadow_spread=\u00bb-12px\u00bb global_colors_info=\u00bb{}\u00bb][et_pb_blurb title=\u00bbCategoria 3&#8243; content_max_width=\u00bb100%\u00bb _builder_version=\u00bb4.27.4&#8243; _module_preset=\u00bbdefault\u00bb header_font=\u00bb|700|||||||\u00bb header_text_color=\u00bb#FFFFFF\u00bb header_font_size=\u00bb24px\u00bb body_text_color=\u00bb#FFFFFF\u00bb width=\u00bb66%\u00bb module_alignment=\u00bbleft\u00bb custom_margin=\u00bb||||false|false\u00bb custom_padding=\u00bb|25px||25px|false|true\u00bb custom_css_blurb_title=\u00bbmargin-bottom: 10px\u00bb text_shadow_style=\u00bbpreset1&#8243; global_colors_info=\u00bb{}\u00bb]<\/p>\n<p>Controla i automatitza casa teva amb els nostres productes de dom\u00f2tica.<\/p>\n<p>[\/et_pb_blurb][et_pb_button button_text=\u00bbVeure productes\u00bb _builder_version=\u00bb4.27.4&#8243; _module_preset=\u00bbdefault\u00bb custom_button=\u00bbon\u00bb button_text_size=\u00bb14px\u00bb button_text_color=\u00bb#ed1c24&#8243; button_bg_color=\u00bb#FFFFFF\u00bb button_border_width=\u00bb0px\u00bb button_letter_spacing=\u00bb1px\u00bb custom_margin=\u00bb|||25px|false|false\u00bb global_colors_info=\u00bb{}\u00bb][\/et_pb_button][\/et_pb_column][\/et_pb_row][\/et_pb_section][et_pb_section fb_built=\u00bb1&#8243; custom_padding_last_edited=\u00bbon|tablet\u00bb admin_label=\u00bbLive Chat\u00bb _builder_version=\u00bb4.27.4&#8243; use_background_color_gradient=\u00bbon\u00bb background_color_gradient_type=\u00bbcircular\u00bb background_color_gradient_direction_radial=\u00bbtop left\u00bb background_color_gradient_stops=\u00bbrgba(237,239,250,0.6) 20%|#edeffa 80%\u00bb background_color_gradient_overlays_image=\u00bbon\u00bb background_color_gradient_start=\u00bbrgba(237,239,250,0)\u00bb background_color_gradient_start_position=\u00bb20%\u00bb background_color_gradient_end=\u00bb#edeffa\u00bb background_color_gradient_end_position=\u00bb80%\u00bb background_image=\u00bbhttps:\/\/pujadas.co\/wp-content\/uploads\/2025\/01\/slider_home_1.jpg\u00bb background_position=\u00bbtop_left\u00bb module_alignment=\u00bbright\u00bb custom_margin=\u00bb|||\u00bb custom_margin_tablet=\u00bb|0%||0%\u00bb custom_margin_last_edited=\u00bboff|desktop\u00bb custom_padding=\u00bb0px|0px|0|0px|false|false\u00bb custom_padding_tablet=\u00bb|||\u00bb custom_padding_phone=\u00bb\u00bb top_divider_arrangement=\u00bbabove_content\u00bb top_divider_height_tablet=\u00bb90px\u00bb top_divider_height_phone=\u00bb90px\u00bb bottom_divider_color=\u00bb#ffffff\u00bb bottom_divider_height=\u00bb0%\u00bb bottom_divider_repeat=\u00bb0.6x\u00bb bottom_divider_flip=\u00bbhorizontal\u00bb bottom_divider_arrangement=\u00bbabove_content\u00bb bottom_divider_height_tablet=\u00bb90px\u00bb bottom_divider_height_phone=\u00bb90px\u00bb bottom_divider_height_last_edited=\u00bbon|phone\u00bb locked=\u00bboff\u00bb global_colors_info=\u00bb{}\u00bb][et_pb_row column_structure=\u00bb1_2,1_2&#8243; make_equal=\u00bbon\u00bb custom_padding_last_edited=\u00bbon|desktop\u00bb _builder_version=\u00bb4.16&#8243; width=\u00bb100%\u00bb max_width=\u00bb100%\u00bb custom_margin=\u00bb|||0%\u00bb custom_margin_tablet=\u00bb|||\u00bb custom_margin_last_edited=\u00bboff|desktop\u00bb custom_padding=\u00bb0|20%|0|0px|false|false\u00bb custom_padding_tablet=\u00bb|0%||\u00bb custom_padding_phone=\u00bb\u00bb use_custom_width=\u00bbon\u00bb width_unit=\u00bboff\u00bb custom_width_percent=\u00bb100%\u00bb global_colors_info=\u00bb{}\u00bb][et_pb_column type=\u00bb1_2&#8243; _builder_version=\u00bb4.16&#8243; custom_padding=\u00bb|||\u00bb global_colors_info=\u00bb{}\u00bb custom_padding__hover=\u00bb|||\u00bb][et_pb_divider show_divider=\u00bboff\u00bb _builder_version=\u00bb4.16&#8243; height=\u00bb300px\u00bb global_colors_info=\u00bb{}\u00bb][\/et_pb_divider][\/et_pb_column][et_pb_column type=\u00bb1_2&#8243; _builder_version=\u00bb4.16&#8243; custom_padding=\u00bb100px||20%|\u00bb custom_padding_tablet=\u00bb|10%||10%\u00bb custom_padding_phone=\u00bb|10%||10%\u00bb custom_padding_last_edited=\u00bbon|desktop\u00bb global_colors_info=\u00bb{}\u00bb padding_tablet=\u00bb|10%||10%\u00bb padding_last_edited=\u00bbon|desktop\u00bb custom_padding__hover=\u00bb|||\u00bb padding_phone=\u00bb|10%||10%\u00bb][et_pb_text _builder_version=\u00bb4.27.4&#8243; text_font=\u00bbMontserrat||||||||\u00bb text_font_size=\u00bb16px\u00bb text_line_height=\u00bb1.8em\u00bb link_font=\u00bbMontserrat|700|||||||\u00bb link_text_color=\u00bb#fa546d\u00bb link_font_size=\u00bb22px\u00bb link_line_height=\u00bb1.5em\u00bb header_font=\u00bb||||||||\u00bb header_2_font=\u00bb&#8211;et_global_heading_font|700|||||||\u00bb header_2_text_color=\u00bb#ed1c24&#8243; header_2_font_size=\u00bb40px\u00bb header_2_line_height=\u00bb1.4em\u00bb header_6_font=\u00bbMontserrat|600||on|||||\u00bb header_6_text_color=\u00bb#fa546d\u00bb header_6_font_size=\u00bb16px\u00bb header_6_letter_spacing=\u00bb2px\u00bb header_6_line_height=\u00bb1.5em\u00bb max_width_last_edited=\u00bboff|desktop\u00bb module_alignment=\u00bbleft\u00bb custom_margin=\u00bb|||\u00bb custom_padding=\u00bb|||\u00bb header_2_font_size_tablet=\u00bb\u00bb header_2_font_size_phone=\u00bb24px\u00bb header_2_font_size_last_edited=\u00bbon|phone\u00bb locked=\u00bboff\u00bb global_colors_info=\u00bb{}\u00bb]<\/p>\n<h2>No trobes el que busques?<\/h2>\n<p>No dubtis a consultar-nos! T&#8217;assessorarem sobre les millors opcions i productes per a les teves necessitats. T&#8217;ajudem a fer m\u00e9s f\u00e0cil la teva vida!<\/p>\n<p>[\/et_pb_text][et_pb_button button_url=\u00bb@ET-DC@eyJkeW5hbWljIjp0cnVlLCJjb250ZW50IjoicG9zdF9saW5rX3VybF9wYWdlIiwic2V0dGluZ3MiOnsicG9zdF9pZCI6IjIzIn19@\u00bb button_text=\u00bbContacta amb nosaltres\u00bb _builder_version=\u00bb4.27.4&#8243; _dynamic_attributes=\u00bbbutton_url\u00bb _module_preset=\u00bb_initial\u00bb custom_button=\u00bbon\u00bb button_text_color=\u00bb#FFFFFF\u00bb button_bg_color=\u00bb#ed1c24&#8243; button_border_width=\u00bb0px\u00bb button_border_radius=\u00bb5px\u00bb custom_padding=\u00bb12px|24px|12px|24px|true|true\u00bb locked=\u00bboff\u00bb global_colors_info=\u00bb{}\u00bb][\/et_pb_button][\/et_pb_column][\/et_pb_row][\/et_pb_section]<\/p>\n","protected":false},"excerpt":{"rendered":"<p>Coneix els nostres productesSolucions dom\u00f2tiques innovadores A Pujadas ens apassiona fer la vostra vida m\u00e9s c\u00f2moda, segura i eficient. Som especialistes en solucions dom\u00f2tiques avan\u00e7ades, dissenyades per transformar qualsevol espai en un entorn intel\u00b7ligent i connectat. Des de sistemes d&#8217;il\u00b7luminaci\u00f3 i climatitzaci\u00f3 automatitzada fins a sistemes de seguretat de darrera generaci\u00f3, oferim tecnologies integrades que [&hellip;]<\/p>\n","protected":false},"author":3,"featured_media":0,"parent":0,"menu_order":0,"comment_status":"closed","ping_status":"closed","template":"","meta":{"_et_pb_use_builder":"on","_et_pb_old_content":"","_et_gb_content_width":"","footnotes":""},"class_list":["post-1251","page","type-page","status-publish","hentry"],"yoast_head":"<!-- This site is optimized with the Yoast SEO plugin v25.0 - https:\/\/yoast.com\/wordpress\/plugins\/seo\/ -->\n<title>Tienda - Pujadas Proyectos T\u00e9cnicos y Formativos<\/title>\n<meta name=\"robots\" content=\"index, follow, max-snippet:-1, max-image-preview:large, max-video-preview:-1\" \/>\n<link rel=\"canonical\" href=\"https:\/\/pujadas.co\/es\/tienda\/\" \/>\n<meta property=\"og:locale\" content=\"es_ES\" \/>\n<meta property=\"og:type\" content=\"article\" \/>\n<meta property=\"og:title\" content=\"Tienda - Pujadas Proyectos T\u00e9cnicos y Formativos\" \/>\n<meta property=\"og:description\" content=\"Coneix els nostres productesSolucions dom\u00f2tiques innovadores A Pujadas ens apassiona fer la vostra vida m\u00e9s c\u00f2moda, segura i eficient. Som especialistes en solucions dom\u00f2tiques avan\u00e7ades, dissenyades per transformar qualsevol espai en un entorn intel\u00b7ligent i connectat. Des de sistemes d&#039;il\u00b7luminaci\u00f3 i climatitzaci\u00f3 automatitzada fins a sistemes de seguretat de darrera generaci\u00f3, oferim tecnologies integrades que [&hellip;]\" \/>\n<meta property=\"og:url\" content=\"https:\/\/pujadas.co\/es\/tienda\/\" \/>\n<meta property=\"og:site_name\" content=\"Pujadas Proyectos T\u00e9cnicos y Formativos\" \/>\n<meta property=\"article:modified_time\" content=\"2025-01-24T10:40:26+00:00\" \/>\n<meta name=\"twitter:card\" content=\"summary_large_image\" \/>\n<meta name=\"twitter:label1\" content=\"Tiempo de lectura\" \/>\n\t<meta name=\"twitter:data1\" content=\"8 minutos\" \/>\n<script type=\"application\/ld+json\" class=\"yoast-schema-graph\">{\"@context\":\"https:\/\/schema.org\",\"@graph\":[{\"@type\":\"WebPage\",\"@id\":\"https:\/\/pujadas.co\/es\/tienda\/\",\"url\":\"https:\/\/pujadas.co\/es\/tienda\/\",\"name\":\"Tienda - Pujadas Proyectos T\u00e9cnicos y Formativos\",\"isPartOf\":{\"@id\":\"https:\/\/pujadas.co\/es\/#website\"},\"datePublished\":\"2025-01-10T10:57:28+00:00\",\"dateModified\":\"2025-01-24T10:40:26+00:00\",\"breadcrumb\":{\"@id\":\"https:\/\/pujadas.co\/es\/tienda\/#breadcrumb\"},\"inLanguage\":\"es\",\"potentialAction\":[{\"@type\":\"ReadAction\",\"target\":[\"https:\/\/pujadas.co\/es\/tienda\/\"]}]},{\"@type\":\"BreadcrumbList\",\"@id\":\"https:\/\/pujadas.co\/es\/tienda\/#breadcrumb\",\"itemListElement\":[{\"@type\":\"ListItem\",\"position\":1,\"name\":\"Inici\",\"item\":\"https:\/\/pujadas.co\/es\/\"},{\"@type\":\"ListItem\",\"position\":2,\"name\":\"Tienda\"}]},{\"@type\":\"WebSite\",\"@id\":\"https:\/\/pujadas.co\/es\/#website\",\"url\":\"https:\/\/pujadas.co\/es\/\",\"name\":\"Pujadas Proyectos T\u00e9cnicos y Formativos\",\"description\":\"\",\"potentialAction\":[{\"@type\":\"SearchAction\",\"target\":{\"@type\":\"EntryPoint\",\"urlTemplate\":\"https:\/\/pujadas.co\/es\/?s={search_term_string}\"},\"query-input\":{\"@type\":\"PropertyValueSpecification\",\"valueRequired\":true,\"valueName\":\"search_term_string\"}}],\"inLanguage\":\"es\"}]}<\/script>\n<!-- \/ Yoast SEO plugin. -->","yoast_head_json":{"title":"Tienda - Pujadas Proyectos T\u00e9cnicos y Formativos","robots":{"index":"index","follow":"follow","max-snippet":"max-snippet:-1","max-image-preview":"max-image-preview:large","max-video-preview":"max-video-preview:-1"},"canonical":"https:\/\/pujadas.co\/es\/tienda\/","og_locale":"es_ES","og_type":"article","og_title":"Tienda - Pujadas Proyectos T\u00e9cnicos y Formativos","og_description":"Coneix els nostres productesSolucions dom\u00f2tiques innovadores A Pujadas ens apassiona fer la vostra vida m\u00e9s c\u00f2moda, segura i eficient. Som especialistes en solucions dom\u00f2tiques avan\u00e7ades, dissenyades per transformar qualsevol espai en un entorn intel\u00b7ligent i connectat. Des de sistemes d'il\u00b7luminaci\u00f3 i climatitzaci\u00f3 automatitzada fins a sistemes de seguretat de darrera generaci\u00f3, oferim tecnologies integrades que [&hellip;]","og_url":"https:\/\/pujadas.co\/es\/tienda\/","og_site_name":"Pujadas Proyectos T\u00e9cnicos y Formativos","article_modified_time":"2025-01-24T10:40:26+00:00","twitter_card":"summary_large_image","twitter_misc":{"Tiempo de lectura":"8 minutos"},"schema":{"@context":"https:\/\/schema.org","@graph":[{"@type":"WebPage","@id":"https:\/\/pujadas.co\/es\/tienda\/","url":"https:\/\/pujadas.co\/es\/tienda\/","name":"Tienda - Pujadas Proyectos T\u00e9cnicos y Formativos","isPartOf":{"@id":"https:\/\/pujadas.co\/es\/#website"},"datePublished":"2025-01-10T10:57:28+00:00","dateModified":"2025-01-24T10:40:26+00:00","breadcrumb":{"@id":"https:\/\/pujadas.co\/es\/tienda\/#breadcrumb"},"inLanguage":"es","potentialAction":[{"@type":"ReadAction","target":["https:\/\/pujadas.co\/es\/tienda\/"]}]},{"@type":"BreadcrumbList","@id":"https:\/\/pujadas.co\/es\/tienda\/#breadcrumb","itemListElement":[{"@type":"ListItem","position":1,"name":"Inici","item":"https:\/\/pujadas.co\/es\/"},{"@type":"ListItem","position":2,"name":"Tienda"}]},{"@type":"WebSite","@id":"https:\/\/pujadas.co\/es\/#website","url":"https:\/\/pujadas.co\/es\/","name":"Pujadas Proyectos T\u00e9cnicos y Formativos","description":"","potentialAction":[{"@type":"SearchAction","target":{"@type":"EntryPoint","urlTemplate":"https:\/\/pujadas.co\/es\/?s={search_term_string}"},"query-input":{"@type":"PropertyValueSpecification","valueRequired":true,"valueName":"search_term_string"}}],"inLanguage":"es"}]}},"_links":{"self":[{"href":"https:\/\/pujadas.co\/es\/wp-json\/wp\/v2\/pages\/1251","targetHints":{"allow":["GET"]}}],"collection":[{"href":"https:\/\/pujadas.co\/es\/wp-json\/wp\/v2\/pages"}],"about":[{"href":"https:\/\/pujadas.co\/es\/wp-json\/wp\/v2\/types\/page"}],"author":[{"embeddable":true,"href":"https:\/\/pujadas.co\/es\/wp-json\/wp\/v2\/users\/3"}],"replies":[{"embeddable":true,"href":"https:\/\/pujadas.co\/es\/wp-json\/wp\/v2\/comments?post=1251"}],"version-history":[{"count":0,"href":"https:\/\/pujadas.co\/es\/wp-json\/wp\/v2\/pages\/1251\/revisions"}],"wp:attachment":[{"href":"https:\/\/pujadas.co\/es\/wp-json\/wp\/v2\/media?parent=1251"}],"curies":[{"name":"wp","href":"https:\/\/api.w.org\/{rel}","templated":true}]}}