{"id":1279,"date":"2021-09-10T11:59:13","date_gmt":"2021-09-10T09:59:13","guid":{"rendered":"https:\/\/pujadas.co\/hombre\/"},"modified":"2025-04-23T12:59:53","modified_gmt":"2025-04-23T10:59:53","slug":"inicio","status":"publish","type":"page","link":"https:\/\/pujadas.co\/es\/","title":{"rendered":"Inicio"},"content":{"rendered":"<p>[et_pb_section fb_built=\u00bb1&#8243; _builder_version=\u00bb4.27.4&#8243; _module_preset=\u00bbdefault\u00bb use_background_color_gradient=\u00bbon\u00bb background_color_gradient_direction=\u00bb90deg\u00bb background_color_gradient_stops=\u00bbrgba(0,54,79,0.9) 0%|rgba(0,54,79,0.3) 100%\u00bb background_color_gradient_overlays_image=\u00bbon\u00bb background_image=\u00bbhttps:\/\/pujadas.co\/wp-content\/uploads\/2025\/01\/home_img_2.jpg\u00bb parallax=\u00bbon\u00bb custom_margin=\u00bb60vh||||false|false\u00bb custom_padding=\u00bb150px||0px||false|false\u00bb hover_enabled=\u00bb0&#8243; global_colors_info=\u00bb{}\u00bb sticky_enabled=\u00bb0&#8243;][et_pb_row column_structure=\u00bb3_5,2_5&#8243; _builder_version=\u00bb4.27.4&#8243; _module_preset=\u00bbdefault\u00bb custom_padding=\u00bb||0px||false|false\u00bb global_colors_info=\u00bb{}\u00bb][et_pb_column type=\u00bb3_5&#8243; _builder_version=\u00bb4.27.4&#8243; _module_preset=\u00bbdefault\u00bb global_colors_info=\u00bb{}\u00bb][et_pb_text _builder_version=\u00bb4.27.4&#8243; _module_preset=\u00bbdefault\u00bb text_text_color=\u00bb#FFFFFF\u00bb text_line_height=\u00bb1.9em\u00bb header_2_font=\u00bb|600|||||||\u00bb header_2_text_color=\u00bb#FFFFFF\u00bb header_2_line_height=\u00bb1.3em\u00bb background_color=\u00bbrgba(237,0,19,0.5)\u00bb width=\u00bb80%\u00bb width_tablet=\u00bb80%\u00bb width_phone=\u00bb80%\u00bb width_last_edited=\u00bbon|desktop\u00bb module_alignment=\u00bbcenter\u00bb custom_padding=\u00bb40px|40px|40px|40px|true|true\u00bb custom_css_free_form=\u00bbselector h2{margin-bottom:15px}\u00bb border_radii=\u00bboff|10px|10px||\u00bb global_colors_info=\u00bb{}\u00bb]<\/p>\n<h2>Dom\u00f3tica para tu hogar: automatizaci\u00f3n inteligente y conectada<\/h2>\n<p>Explora nuestra selecci\u00f3n de productos de dom\u00f3tica dise\u00f1ados para transformar tu casa en un espacio c\u00f3modo, seguro y eficiente, con los que podr\u00e1s controlar y automatizar distintos aspectos de tu casa f\u00e1cilmente desde tu dispositivo m\u00f3vil. \u00a1Tu hogar, m\u00e1s eficiente que nunca!<\/p>\n<p>[\/et_pb_text][\/et_pb_column][et_pb_column type=\u00bb2_5&#8243; _builder_version=\u00bb4.27.4&#8243; _module_preset=\u00bbdefault\u00bb global_colors_info=\u00bb{}\u00bb][\/et_pb_column][\/et_pb_row][\/et_pb_section][et_pb_section fb_built=\u00bb1&#8243; custom_padding_last_edited=\u00bbon|tablet\u00bb _builder_version=\u00bb4.27.4&#8243; _module_preset=\u00bbdefault\u00bb custom_padding=\u00bb||||true|false\u00bb custom_padding_tablet=\u00bb80px||80px||true|false\u00bb custom_padding_phone=\u00bb40px||40px||true|false\u00bb global_colors_info=\u00bb{}\u00bb][et_pb_row column_structure=\u00bb1_2,1_2&#8243; _builder_version=\u00bb4.20.2&#8243; _module_preset=\u00bbdefault\u00bb width=\u00bb100%\u00bb width_tablet=\u00bb80%\u00bb width_phone=\u00bb90%\u00bb width_last_edited=\u00bbon|phone\u00bb max_width=\u00bb100%\u00bb module_alignment=\u00bbcenter\u00bb custom_padding=\u00bb0px||0px||true|false\u00bb custom_css_main_element=\u00bbdisplay: flex;||align-items: center;\u00bb global_colors_info=\u00bb{}\u00bb custom_css_main_element_last_edited=\u00bbon|tablet\u00bb custom_css_main_element_tablet=\u00bbdisplay: flex;||flex-direction: column;\u00bb custom_css_main_element_phone=\u00bbdisplay: flex;||flex-direction: column;\u00bb][et_pb_column type=\u00bb1_2&#8243; _builder_version=\u00bb4.20.2&#8243; _module_preset=\u00bbdefault\u00bb global_colors_info=\u00bb{}\u00bb][et_pb_image src=\u00bbhttps:\/\/pujadas.co\/wp-content\/uploads\/2025\/01\/home_img_1.webp\u00bb title_text=\u00bbhome_img_1&#8243; _builder_version=\u00bb4.27.4&#8243; _module_preset=\u00bbdefault\u00bb global_colors_info=\u00bb{}\u00bb][\/et_pb_image][\/et_pb_column][et_pb_column type=\u00bb1_2&#8243; _builder_version=\u00bb4.20.2&#8243; _module_preset=\u00bbdefault\u00bb global_colors_info=\u00bb{}\u00bb][et_pb_blurb title=\u00bb\u00bfEn qu\u00e9 podemos ayudarte?\u00bb content_max_width=\u00bb600px\u00bb _builder_version=\u00bb4.27.4&#8243; _module_preset=\u00bbdefault\u00bb header_font=\u00bb|700|||||||\u00bb header_font_size=\u00bb24px\u00bb body_font=\u00bbPlus Jakarta Sans||||||||\u00bb module_alignment=\u00bbcenter\u00bb custom_css_free_form=\u00bbselector h4 {||  margin-bottom: 15px;||}\u00bb global_colors_info=\u00bb{}\u00bb]<\/p>\n<p>En casa, cada detalle cuenta. Tanto si quieres hacer tu vida m\u00e1s c\u00f3moda como si cuidas de alguien con necesidades especiales, estamos aqu\u00ed para echarte una mano.<\/p>\n<p><strong>Ahorra energ\u00eda, ahorra preocupaciones:<\/strong> Con sistemas automatizados, podr\u00e1s controlar el consumo energ\u00e9tico de forma inteligente, reduciendo costes y cuidando el medio ambiente sin esfuerzo.<\/p>\n<p><strong>Controla todo desde donde est\u00e9s:<\/strong> Nuestras apps intuitivas te permiten gestionar dispositivos de tu casa con un solo clic, para que tengas el control siempre al alcance de tu mano, de forma sencilla y accesible para todos.<\/p>\n<p><strong>Seguridad para tu tranquilidad:<\/strong> Recibe alertas en tiempo real para garantizar que tu hogar y tus seres queridos est\u00e1n siempre protegidos. No s\u00f3lo es tecnolog\u00eda, es tranquilidad para ti y para tu familia.<\/p>\n<p>Ayudarte es nuestra prioridad. Sobre todo si tienes necesidades especiales o si cuidas a alguien que tenga, te ofrecemos soluciones que se adaptan a tu vida.<\/p>\n<p>[\/et_pb_blurb][\/et_pb_column][\/et_pb_row][\/et_pb_section][et_pb_section fb_built=\u00bb1&#8243; custom_padding_last_edited=\u00bbon|phone\u00bb _builder_version=\u00bb4.27.4&#8243; _module_preset=\u00bbdefault\u00bb background_color=\u00bb#f6f6f6&#8243; custom_padding=\u00bb||||true|false\u00bb custom_padding_tablet=\u00bb80px||80px||true|false\u00bb custom_padding_phone=\u00bb40px||40px||true|false\u00bb global_colors_info=\u00bb{}\u00bb][et_pb_row column_structure=\u00bb1_2,1_2&#8243; use_custom_gutter=\u00bbon\u00bb _builder_version=\u00bb4.20.4&#8243; _module_preset=\u00bbdefault\u00bb width_tablet=\u00bb\u00bb width_phone=\u00bb90%\u00bb width_last_edited=\u00bbon|phone\u00bb module_alignment=\u00bbcenter\u00bb custom_padding=\u00bb0px||0px||true|false\u00bb global_colors_info=\u00bb{}\u00bb][et_pb_column type=\u00bb1_2&#8243; _builder_version=\u00bb4.20.4&#8243; _module_preset=\u00bbdefault\u00bb custom_css_after=\u00bbborder-right: 1px solid #e8e8e8;||content: %22%22;||position: absolute;||height: 78%;||bottom: 0;||left: auto;||right: 0;||margin-right: -6%;\u00bb global_colors_info=\u00bb{}\u00bb custom_css_after_last_edited=\u00bbon|tablet\u00bb custom_css_after_tablet=\u00bbborder-right: 0px solid #f0f0f0;||    content: %22%22;||    position: absolute;||    height: 100%;||    top: 0;||    left: auto;||    right: 0;||    margin-right: -6%;\u00bb custom_css_after_phone=\u00bbborder-right: 0px solid #f0f0f0;||    content: %22%22;||    position: absolute;||    height: 100%;||    top: 0;||    left: auto;||    right: 0;||    margin-right: -6%;\u00bb][et_pb_text _builder_version=\u00bb4.27.4&#8243; _module_preset=\u00bbdefault\u00bb header_2_font=\u00bbNoto Sans|600|||||||\u00bb header_2_text_color=\u00bb#1E1F1A\u00bb header_2_font_size=\u00bb48px\u00bb header_2_line_height=\u00bb56px\u00bb max_width=\u00bb526px\u00bb max_width_tablet=\u00bb100%\u00bb max_width_phone=\u00bb100%\u00bb max_width_last_edited=\u00bbon|tablet\u00bb custom_margin=\u00bb||40px||false|false\u00bb custom_margin_tablet=\u00bb||30px||false|false\u00bb custom_margin_phone=\u00bb||20px||false|false\u00bb custom_margin_last_edited=\u00bbon|phone\u00bb animation_style=\u00bbslide\u00bb animation_direction=\u00bbtop\u00bb animation_duration=\u00bb2000ms\u00bb animation_intensity_slide=\u00bb10%\u00bb header_2_font_size_tablet=\u00bb40px\u00bb header_2_font_size_phone=\u00bb32px\u00bb header_2_font_size_last_edited=\u00bbon|tablet\u00bb header_2_line_height_tablet=\u00bb50px\u00bb header_2_line_height_phone=\u00bb42px\u00bb header_2_line_height_last_edited=\u00bbon|tablet\u00bb global_colors_info=\u00bb{}\u00bb]<\/p>\n<h2>Descubre nuestras soluciones<\/h2>\n<p>[\/et_pb_text][\/et_pb_column][et_pb_column type=\u00bb1_2&#8243; _builder_version=\u00bb4.20.2&#8243; _module_preset=\u00bbdefault\u00bb global_colors_info=\u00bb{}\u00bb][et_pb_text _builder_version=\u00bb4.27.4&#8243; _module_preset=\u00bbdefault\u00bb text_font=\u00bb||||||||\u00bb text_text_color=\u00bb#5C5C5C\u00bb text_line_height=\u00bb28px\u00bb max_width=\u00bb536px\u00bb max_width_tablet=\u00bb100%\u00bb max_width_phone=\u00bb100%\u00bb max_width_last_edited=\u00bbon|tablet\u00bb module_alignment=\u00bbright\u00bb custom_margin=\u00bb||78px||false|false\u00bb custom_margin_tablet=\u00bb||40px||false|false\u00bb custom_margin_phone=\u00bb||30px||false|false\u00bb custom_margin_last_edited=\u00bbon|phone\u00bb animation_style=\u00bbslide\u00bb animation_direction=\u00bbbottom\u00bb animation_duration=\u00bb2000ms\u00bb animation_intensity_slide=\u00bb10%\u00bb text_font_size_tablet=\u00bb15px\u00bb text_font_size_phone=\u00bb14px\u00bb text_font_size_last_edited=\u00bbon|tablet\u00bb text_line_height_tablet=\u00bb27px\u00bb text_line_height_phone=\u00bb26px\u00bb text_line_height_last_edited=\u00bbon|phone\u00bb module_alignment_tablet=\u00bbleft\u00bb module_alignment_phone=\u00bbleft\u00bb module_alignment_last_edited=\u00bbon|tablet\u00bb global_colors_info=\u00bb{}\u00bb]<\/p>\n<p>Descubre nuestra amplia gama de productos de dom\u00f3tica, creados para ofrecerte un hogar m\u00e1s inteligente y conectado. Con soluciones innovadoras para la seguridad, eficiencia energ\u00e9tica y comodidad, podr\u00e1s controlar y automatizar diferentes aspectos de tu casa f\u00e1cilmente desde tu dispositivo m\u00f3vil. \u00a1Tu hogar, m\u00e1s eficiente que nunca!<\/p>\n<p>[\/et_pb_text][\/et_pb_column][\/et_pb_row][et_pb_row column_structure=\u00bb1_3,1_3,1_3&#8243; _builder_version=\u00bb4.27.4&#8243; _module_preset=\u00bbdefault\u00bb global_colors_info=\u00bb{}\u00bb][et_pb_column type=\u00bb1_3&#8243; _builder_version=\u00bb4.27.4&#8243; _module_preset=\u00bbdefault\u00bb background_enable_color=\u00bboff\u00bb background_image=\u00bbhttps:\/\/pujadas.co\/wp-content\/uploads\/2025\/01\/home_cat_1.jpg\u00bb custom_padding=\u00bb150px||50px||false|false\u00bb custom_css_main_element=\u00bbborder-radius:20px;||overflow: hidden;\u00bb box_shadow_style=\u00bbpreset3&#8243; box_shadow_spread=\u00bb-12px\u00bb global_colors_info=\u00bb{}\u00bb][et_pb_blurb title=\u00bbCategor\u00eda 1&#8243; content_max_width=\u00bb100%\u00bb _builder_version=\u00bb4.27.4&#8243; _module_preset=\u00bbdefault\u00bb header_font=\u00bb|700|||||||\u00bb header_text_color=\u00bb#FFFFFF\u00bb header_font_size=\u00bb24px\u00bb body_text_color=\u00bb#FFFFFF\u00bb width=\u00bb66%\u00bb module_alignment=\u00bbleft\u00bb custom_margin=\u00bb||||false|false\u00bb custom_padding=\u00bb|25px||25px|false|true\u00bb custom_css_blurb_title=\u00bbmargin-bottom: 10px\u00bb text_shadow_style=\u00bbpreset1&#8243; global_colors_info=\u00bb{}\u00bb]<\/p>\n<p>Controla y automatiza tu casa con nuestros productos de dom\u00f3tica.<\/p>\n<p>[\/et_pb_blurb][et_pb_button button_text=\u00bbVer productos\u00bb _builder_version=\u00bb4.27.4&#8243; _module_preset=\u00bbdefault\u00bb custom_button=\u00bbon\u00bb button_text_size=\u00bb14px\u00bb button_text_color=\u00bb#ed1c24&#8243; button_bg_color=\u00bb#FFFFFF\u00bb button_border_width=\u00bb0px\u00bb button_letter_spacing=\u00bb1px\u00bb custom_margin=\u00bb|||25px|false|false\u00bb global_colors_info=\u00bb{}\u00bb][\/et_pb_button][\/et_pb_column][et_pb_column type=\u00bb1_3&#8243; _builder_version=\u00bb4.27.4&#8243; _module_preset=\u00bbdefault\u00bb background_enable_color=\u00bboff\u00bb background_image=\u00bbhttps:\/\/pujadas.co\/wp-content\/uploads\/2025\/01\/home_cat_2.jpg\u00bb custom_padding=\u00bb150px||50px||false|false\u00bb custom_css_main_element=\u00bbborder-radius:20px;||overflow: hidden;\u00bb box_shadow_style=\u00bbpreset3&#8243; box_shadow_spread=\u00bb-12px\u00bb global_colors_info=\u00bb{}\u00bb][et_pb_blurb title=\u00bbCategor\u00eda 2&#8243; content_max_width=\u00bb100%\u00bb _builder_version=\u00bb4.27.4&#8243; _module_preset=\u00bbdefault\u00bb header_font=\u00bb|700|||||||\u00bb header_text_color=\u00bb#FFFFFF\u00bb header_font_size=\u00bb24px\u00bb body_text_color=\u00bb#FFFFFF\u00bb width=\u00bb66%\u00bb module_alignment=\u00bbleft\u00bb custom_margin=\u00bb||||false|false\u00bb custom_padding=\u00bb|25px||25px|false|true\u00bb custom_css_blurb_title=\u00bbmargin-bottom: 10px\u00bb text_shadow_style=\u00bbpreset1&#8243; global_colors_info=\u00bb{}\u00bb]<\/p>\n<p>Controla y automatiza tu casa con nuestros productos de dom\u00f3tica.<\/p>\n<p>[\/et_pb_blurb][et_pb_button button_text=\u00bbVer productos\u00bb _builder_version=\u00bb4.27.4&#8243; _module_preset=\u00bbdefault\u00bb custom_button=\u00bbon\u00bb button_text_size=\u00bb14px\u00bb button_text_color=\u00bb#ed1c24&#8243; button_bg_color=\u00bb#FFFFFF\u00bb button_border_width=\u00bb0px\u00bb button_letter_spacing=\u00bb1px\u00bb custom_margin=\u00bb|||25px|false|false\u00bb global_colors_info=\u00bb{}\u00bb][\/et_pb_button][\/et_pb_column][et_pb_column type=\u00bb1_3&#8243; _builder_version=\u00bb4.27.4&#8243; _module_preset=\u00bbdefault\u00bb background_enable_color=\u00bboff\u00bb background_image=\u00bbhttps:\/\/pujadas.co\/wp-content\/uploads\/2025\/01\/home_cat_3.jpg\u00bb custom_padding=\u00bb150px||50px||false|false\u00bb custom_css_main_element=\u00bbborder-radius:20px;||overflow: hidden;\u00bb box_shadow_style=\u00bbpreset3&#8243; box_shadow_spread=\u00bb-12px\u00bb global_colors_info=\u00bb{}\u00bb][et_pb_blurb title=\u00bbCategor\u00eda 3&#8243; content_max_width=\u00bb100%\u00bb _builder_version=\u00bb4.27.4&#8243; _module_preset=\u00bbdefault\u00bb header_font=\u00bb|700|||||||\u00bb header_text_color=\u00bb#FFFFFF\u00bb header_font_size=\u00bb24px\u00bb body_text_color=\u00bb#FFFFFF\u00bb width=\u00bb66%\u00bb module_alignment=\u00bbleft\u00bb custom_margin=\u00bb||||false|false\u00bb custom_padding=\u00bb|25px||25px|false|true\u00bb custom_css_blurb_title=\u00bbmargin-bottom: 10px\u00bb text_shadow_style=\u00bbpreset1&#8243; global_colors_info=\u00bb{}\u00bb]<\/p>\n<p>Controla y automatiza tu casa con nuestros productos de dom\u00f3tica.<\/p>\n<p>[\/et_pb_blurb][et_pb_button button_text=\u00bbVer productos\u00bb _builder_version=\u00bb4.27.4&#8243; _module_preset=\u00bbdefault\u00bb custom_button=\u00bbon\u00bb button_text_size=\u00bb14px\u00bb button_text_color=\u00bb#ed1c24&#8243; button_bg_color=\u00bb#FFFFFF\u00bb button_border_width=\u00bb0px\u00bb button_letter_spacing=\u00bb1px\u00bb custom_margin=\u00bb|||25px|false|false\u00bb global_colors_info=\u00bb{}\u00bb][\/et_pb_button][\/et_pb_column][\/et_pb_row][\/et_pb_section][et_pb_section fb_built=\u00bb1&#8243; _builder_version=\u00bb4.27.4&#8243; _module_preset=\u00bbdefault\u00bb global_colors_info=\u00bb{}\u00bb][et_pb_row column_structure=\u00bb3_5,2_5&#8243; _builder_version=\u00bb4.27.4&#8243; _module_preset=\u00bbdefault\u00bb global_colors_info=\u00bb{}\u00bb][et_pb_column type=\u00bb3_5&#8243; _builder_version=\u00bb4.27.4&#8243; _module_preset=\u00bbdefault\u00bb global_colors_info=\u00bb{}\u00bb][et_pb_text _builder_version=\u00bb4.27.4&#8243; _module_preset=\u00bbdefault\u00bb header_2_font=\u00bb|700||on|||||\u00bb header_2_text_color=\u00bb#ed1c24&#8243; header_2_font_size=\u00bb16px\u00bb header_3_font=\u00bb|700|||||||\u00bb header_3_font_size=\u00bb36px\u00bb global_colors_info=\u00bb{}\u00bb]<\/p>\n<h2 class=\"heading-title\">\u00bfTienes dudas?<\/h2>\n<h3 class=\"heading-section-subtitle style-color\">Preguntas frecuentes<\/h3>\n<p>[\/et_pb_text][et_pb_accordion closed_toggle_text_color=\u00bb#666666&#8243; closed_toggle_background_color=\u00bbRGBA(255,255,255,0)\u00bb use_icon_font_size=\u00bbon\u00bb icon_font_size=\u00bb24px\u00bb _builder_version=\u00bb4.27.4&#8243; _module_preset=\u00bbdefault\u00bb closed_toggle_font=\u00bb|700|||||||\u00bb closed_toggle_font_size=\u00bb24px\u00bb border_width_all=\u00bb0px\u00bb border_width_bottom=\u00bb1px\u00bb border_color_bottom=\u00bb#000000&#8243; global_colors_info=\u00bb{}\u00bb][et_pb_accordion_item title=\u00bb\u00bfQu\u00e9 es un sistema dom\u00e9stico inteligente?\u00bb open=\u00bbon\u00bb _builder_version=\u00bb4.27.4&#8243; _module_preset=\u00bbdefault\u00bb global_colors_info=\u00bb{}\u00bb toggle_font=\u00bb|700|||||||\u00bb toggle_font_size=\u00bb24px\u00bb closed_toggle_font_size=\u00bb24px\u00bb]<\/p>\n<p>Vitae tortor arcu eleifend nec demasiado dictum purus. Erate varices vulputate orci lacus gravida molestie habitante. Convallis demasiado hac proin rutrum nisl habitasse. Amite etiam dign\u00edsimo.<\/p>\n<p>[\/et_pb_accordion_item][et_pb_accordion_item title=\u00bb\u00bfC\u00f3mo funciona un sistema dom\u00e9stico inteligente?\u00bb _builder_version=\u00bb4.27.4&#8243; _module_preset=\u00bbdefault\u00bb global_colors_info=\u00bb{}\u00bb toggle_font=\u00bb|700|||||||\u00bb toggle_font_size=\u00bb24px\u00bb closed_toggle_font_size=\u00bb24px\u00bb open=\u00bboff\u00bb]<\/p>\n<p>Vitae tortor arcu eleifend nec demasiado dictum purus. Erate varices vulputate orci lacus gravida molestie habitante. Convallis demasiado hac proin rutrum nisl habitasse. Amite etiam dign\u00edsimo.<\/p>\n<p>[\/et_pb_accordion_item][et_pb_accordion_item title=\u00bb\u00bfSon seguros los sistemas dom\u00e9sticos inteligentes?\u00bb _builder_version=\u00bb4.27.4&#8243; _module_preset=\u00bbdefault\u00bb global_colors_info=\u00bb{}\u00bb toggle_font=\u00bb|700|||||||\u00bb toggle_font_size=\u00bb24px\u00bb toggle_line_height=\u00bb1.3em\u00bb closed_toggle_font_size=\u00bb24px\u00bb open=\u00bboff\u00bb]<\/p>\n<p>Vitae tortor arcu eleifend nec demasiado dictum purus. Erate varices vulputate orci lacus gravida molestie habitante. Convallis demasiado hac proin rutrum nisl habitasse. Amite etiam dign\u00edsimo.<\/p>\n<p>[\/et_pb_accordion_item][et_pb_accordion_item title=\u00bbRealmente, \u00bfpuedo ahorrar energ\u00eda y dinero?\u00bb _builder_version=\u00bb4.27.4&#8243; _module_preset=\u00bbdefault\u00bb global_colors_info=\u00bb{}\u00bb toggle_font=\u00bb|700|||||||\u00bb toggle_font_size=\u00bb24px\u00bb closed_toggle_font_size=\u00bb24px\u00bb open=\u00bboff\u00bb]<\/p>\n<p>Vitae tortor arcu eleifend nec demasiado dictum purus. Erate varices vulputate orci lacus gravida molestie habitante. Convallis demasiado hac proin rutrum nisl habitasse. Amite etiam dign\u00edsimo.<\/p>\n<p>[\/et_pb_accordion_item][\/et_pb_accordion][\/et_pb_column][et_pb_column type=\u00bb2_5&#8243; _builder_version=\u00bb4.27.4&#8243; _module_preset=\u00bbdefault\u00bb global_colors_info=\u00bb{}\u00bb][et_pb_image src=\u00bbhttps:\/\/pujadas.co\/wp-content\/uploads\/2025\/01\/home_faqs.webp\u00bb title_text=\u00bbhome_faqs\u00bb _builder_version=\u00bb4.27.4&#8243; _module_preset=\u00bbdefault\u00bb border_radii=\u00bbon|10px|10px|10px|10px\u00bb box_shadow_style=\u00bbpreset3&#8243; box_shadow_spread=\u00bb-12px\u00bb global_colors_info=\u00bb{}\u00bb][\/et_pb_image][\/et_pb_column][\/et_pb_row][\/et_pb_section]<\/p>\n","protected":false},"excerpt":{"rendered":"<p>Dom\u00f3tica para tu hogar: automatizaci\u00f3n inteligente y conectada Explora nuestra selecci\u00f3n de productos de dom\u00f3tica dise\u00f1ados para transformar tu casa en un espacio c\u00f3modo, seguro y eficiente, con los que podr\u00e1s controlar y automatizar distintos aspectos de tu casa f\u00e1cilmente desde tu dispositivo m\u00f3vil. \u00a1Tu hogar, m\u00e1s eficiente que nunca!En casa, cada detalle cuenta. Tanto [&hellip;]<\/p>\n","protected":false},"author":3,"featured_media":0,"parent":0,"menu_order":0,"comment_status":"closed","ping_status":"closed","template":"","meta":{"_et_pb_use_builder":"on","_et_pb_old_content":"","_et_gb_content_width":"","footnotes":""},"class_list":["post-1279","page","type-page","status-publish","hentry"],"yoast_head":"<!-- This site is optimized with the Yoast SEO plugin v25.0 - https:\/\/yoast.com\/wordpress\/plugins\/seo\/ -->\n<title>Inicio - Pujadas Proyectos T\u00e9cnicos y Formativos<\/title>\n<meta name=\"robots\" content=\"index, follow, max-snippet:-1, max-image-preview:large, max-video-preview:-1\" \/>\n<link rel=\"canonical\" href=\"https:\/\/pujadas.co\/es\/\" \/>\n<meta property=\"og:locale\" content=\"es_ES\" \/>\n<meta property=\"og:type\" content=\"article\" \/>\n<meta property=\"og:title\" content=\"Inicio - Pujadas Proyectos T\u00e9cnicos y Formativos\" \/>\n<meta property=\"og:description\" content=\"Dom\u00f3tica para tu hogar: automatizaci\u00f3n inteligente y conectada Explora nuestra selecci\u00f3n de productos de dom\u00f3tica dise\u00f1ados para transformar tu casa en un espacio c\u00f3modo, seguro y eficiente, con los que podr\u00e1s controlar y automatizar distintos aspectos de tu casa f\u00e1cilmente desde tu dispositivo m\u00f3vil. \u00a1Tu hogar, m\u00e1s eficiente que nunca!En casa, cada detalle cuenta. Tanto [&hellip;]\" \/>\n<meta property=\"og:url\" content=\"https:\/\/pujadas.co\/es\/\" \/>\n<meta property=\"og:site_name\" content=\"Pujadas Proyectos T\u00e9cnicos y Formativos\" \/>\n<meta property=\"article:modified_time\" content=\"2025-04-23T10:59:53+00:00\" \/>\n<meta name=\"twitter:card\" content=\"summary_large_image\" \/>\n<meta name=\"twitter:label1\" content=\"Tiempo de lectura\" \/>\n\t<meta name=\"twitter:data1\" content=\"10 minutos\" \/>\n<script type=\"application\/ld+json\" class=\"yoast-schema-graph\">{\"@context\":\"https:\/\/schema.org\",\"@graph\":[{\"@type\":\"WebPage\",\"@id\":\"https:\/\/pujadas.co\/es\/\",\"url\":\"https:\/\/pujadas.co\/es\/\",\"name\":\"Inicio - Pujadas Proyectos T\u00e9cnicos y Formativos\",\"isPartOf\":{\"@id\":\"https:\/\/pujadas.co\/es\/#website\"},\"datePublished\":\"2021-09-10T09:59:13+00:00\",\"dateModified\":\"2025-04-23T10:59:53+00:00\",\"breadcrumb\":{\"@id\":\"https:\/\/pujadas.co\/es\/#breadcrumb\"},\"inLanguage\":\"es\",\"potentialAction\":[{\"@type\":\"ReadAction\",\"target\":[\"https:\/\/pujadas.co\/es\/\"]}]},{\"@type\":\"BreadcrumbList\",\"@id\":\"https:\/\/pujadas.co\/es\/#breadcrumb\",\"itemListElement\":[{\"@type\":\"ListItem\",\"position\":1,\"name\":\"Inici\",\"item\":\"https:\/\/pujadas.co\/es\/\"},{\"@type\":\"ListItem\",\"position\":2,\"name\":\"Inicio\"}]},{\"@type\":\"WebSite\",\"@id\":\"https:\/\/pujadas.co\/es\/#website\",\"url\":\"https:\/\/pujadas.co\/es\/\",\"name\":\"Pujadas Proyectos T\u00e9cnicos y Formativos\",\"description\":\"\",\"potentialAction\":[{\"@type\":\"SearchAction\",\"target\":{\"@type\":\"EntryPoint\",\"urlTemplate\":\"https:\/\/pujadas.co\/es\/?s={search_term_string}\"},\"query-input\":{\"@type\":\"PropertyValueSpecification\",\"valueRequired\":true,\"valueName\":\"search_term_string\"}}],\"inLanguage\":\"es\"}]}<\/script>\n<!-- \/ Yoast SEO plugin. -->","yoast_head_json":{"title":"Inicio - Pujadas Proyectos T\u00e9cnicos y Formativos","robots":{"index":"index","follow":"follow","max-snippet":"max-snippet:-1","max-image-preview":"max-image-preview:large","max-video-preview":"max-video-preview:-1"},"canonical":"https:\/\/pujadas.co\/es\/","og_locale":"es_ES","og_type":"article","og_title":"Inicio - Pujadas Proyectos T\u00e9cnicos y Formativos","og_description":"Dom\u00f3tica para tu hogar: automatizaci\u00f3n inteligente y conectada Explora nuestra selecci\u00f3n de productos de dom\u00f3tica dise\u00f1ados para transformar tu casa en un espacio c\u00f3modo, seguro y eficiente, con los que podr\u00e1s controlar y automatizar distintos aspectos de tu casa f\u00e1cilmente desde tu dispositivo m\u00f3vil. \u00a1Tu hogar, m\u00e1s eficiente que nunca!En casa, cada detalle cuenta. Tanto [&hellip;]","og_url":"https:\/\/pujadas.co\/es\/","og_site_name":"Pujadas Proyectos T\u00e9cnicos y Formativos","article_modified_time":"2025-04-23T10:59:53+00:00","twitter_card":"summary_large_image","twitter_misc":{"Tiempo de lectura":"10 minutos"},"schema":{"@context":"https:\/\/schema.org","@graph":[{"@type":"WebPage","@id":"https:\/\/pujadas.co\/es\/","url":"https:\/\/pujadas.co\/es\/","name":"Inicio - Pujadas Proyectos T\u00e9cnicos y Formativos","isPartOf":{"@id":"https:\/\/pujadas.co\/es\/#website"},"datePublished":"2021-09-10T09:59:13+00:00","dateModified":"2025-04-23T10:59:53+00:00","breadcrumb":{"@id":"https:\/\/pujadas.co\/es\/#breadcrumb"},"inLanguage":"es","potentialAction":[{"@type":"ReadAction","target":["https:\/\/pujadas.co\/es\/"]}]},{"@type":"BreadcrumbList","@id":"https:\/\/pujadas.co\/es\/#breadcrumb","itemListElement":[{"@type":"ListItem","position":1,"name":"Inici","item":"https:\/\/pujadas.co\/es\/"},{"@type":"ListItem","position":2,"name":"Inicio"}]},{"@type":"WebSite","@id":"https:\/\/pujadas.co\/es\/#website","url":"https:\/\/pujadas.co\/es\/","name":"Pujadas Proyectos T\u00e9cnicos y Formativos","description":"","potentialAction":[{"@type":"SearchAction","target":{"@type":"EntryPoint","urlTemplate":"https:\/\/pujadas.co\/es\/?s={search_term_string}"},"query-input":{"@type":"PropertyValueSpecification","valueRequired":true,"valueName":"search_term_string"}}],"inLanguage":"es"}]}},"_links":{"self":[{"href":"https:\/\/pujadas.co\/es\/wp-json\/wp\/v2\/pages\/1279","targetHints":{"allow":["GET"]}}],"collection":[{"href":"https:\/\/pujadas.co\/es\/wp-json\/wp\/v2\/pages"}],"about":[{"href":"https:\/\/pujadas.co\/es\/wp-json\/wp\/v2\/types\/page"}],"author":[{"embeddable":true,"href":"https:\/\/pujadas.co\/es\/wp-json\/wp\/v2\/users\/3"}],"replies":[{"embeddable":true,"href":"https:\/\/pujadas.co\/es\/wp-json\/wp\/v2\/comments?post=1279"}],"version-history":[{"count":3,"href":"https:\/\/pujadas.co\/es\/wp-json\/wp\/v2\/pages\/1279\/revisions"}],"predecessor-version":[{"id":1343,"href":"https:\/\/pujadas.co\/es\/wp-json\/wp\/v2\/pages\/1279\/revisions\/1343"}],"wp:attachment":[{"href":"https:\/\/pujadas.co\/es\/wp-json\/wp\/v2\/media?parent=1279"}],"curies":[{"name":"wp","href":"https:\/\/api.w.org\/{rel}","templated":true}]}}