{"id":1247,"date":"2025-01-10T11:57:28","date_gmt":"2025-01-10T10:57:28","guid":{"rendered":"https:\/\/pujadas.co\/%d7%97%d7%a0%d7%95%d7%aa\/"},"modified":"2025-01-24T11:40:25","modified_gmt":"2025-01-24T10:40:25","slug":"%d7%97%d7%a0%d7%95%d7%aa","status":"publish","type":"page","link":"https:\/\/pujadas.co\/he\/%d7%97%d7%a0%d7%95%d7%aa\/","title":{"rendered":"\u05d7\u05e0\u05d5\u05ea"},"content":{"rendered":"<p>[et_pb_section fb_built=&quot;1&quot; custom_padding_last_edited=&quot;on|tablet&quot; next_background_color=&quot;#ffffff&quot; admin_label=&quot;Hero&quot; _builder_version=&quot;4.27.4&quot; use_background_color_gradient=&quot;on&quot; background_color_gradient_type=&quot;circular&quot; background_color_gradient_direction_radial=&quot;top right&quot; background_color_gradient_stops=&quot;rgba(255,255,255,0) 20%|rgba(237,28,36,0.6) 100%&quot; background_color_gradient_overlays_image=&quot;on&quot; background_color_gradient_start=&quot;rgba(255,255,255,0)&quot; background_color_gradient_start_position=&quot;20%&quot; background_color_gradient_end=&quot;rgba(1,77,183,0.9)&quot; background_image=&quot;https:\/\/pujadas.co\/wp-content\/uploads\/2025\/01\/home_img_1.webp&quot; custom_padding=&quot;110px|0px|160px|0px|false|false&quot; custom_padding_tablet=&quot;50px||50px||true&quot; custom_padding_phone=&quot;|||&quot; bottom_divider_style=&quot;asymmetric&quot; bottom_divider_height=&quot;50px&quot; bottom_divider_flip=&quot;horizontal&quot; bottom_divider_height_tablet=&quot;90px&quot; bottom_divider_height_phone=&quot;80px&quot; global_colors_info=&quot;{}&quot;][et_pb_row column_structure=&quot;2_3,1_3&quot; _builder_version=&quot;4.16&quot; custom_width_px=&quot;1280px&quot; global_colors_info=&quot;{}&quot;][et_pb_column type=&quot;2_3&quot; _builder_version=&quot;4.16&quot; custom_padding=&quot;|||&quot; global_colors_info=&quot;{}&quot; custom_padding__hover=&quot;|||&quot;][et_pb_text _builder_version=&quot;4.27.4&quot; text_font=&quot;Montserrat||||||||&quot; text_text_color=&quot;rgba(255,255,255,0.7)&quot; text_font_size=&quot;20px&quot; text_line_height=&quot;1.8em&quot; header_font=&quot;Montserrat|700|||||||&quot; header_font_size=&quot;44px&quot; header_line_height=&quot;1.4em&quot; header_6_font=&quot;Montserrat|600||on|||||&quot; header_6_text_color=&quot;rgba(255,255,255,0.7)&quot; header_6_font_size=&quot;16px&quot; header_6_letter_spacing=&quot;2px&quot; header_6_line_height=&quot;1.5em&quot; background_layout=&quot;dark&quot; max_width=&quot;780px&quot; text_font_size_tablet=&quot;&quot; text_font_size_phone=&quot;15px&quot; text_font_size_last_edited=&quot;on|phone&quot; header_font_size_tablet=&quot;&quot; header_font_size_phone=&quot;28px&quot; header_font_size_last_edited=&quot;on|phone&quot; global_colors_info=&quot;{}&quot;]<\/p>\n<h1>Coneix els nostres productes<\/h1>\n<p>[\/et_pb_text][\/et_pb_column][et_pb_column type=&quot;1_3&quot; _builder_version=&quot;4.16&quot; custom_padding=&quot;|||&quot; global_colors_info=&quot;{}&quot; custom_padding__hover=&quot;|||&quot;][\/et_pb_column][\/et_pb_row][\/et_pb_section][et_pb_section fb_built=&quot;1&quot; admin_label=&quot;Products&quot; _builder_version=&quot;4.16&quot; background_color=&quot;#ffffff&quot; custom_padding=&quot;53.625px|0px|53.625px|0|false|false&quot; global_colors_info=&quot;{}&quot;][et_pb_row _builder_version=&quot;4.27.4&quot; _module_preset=&quot;default&quot; global_colors_info=&quot;{}&quot;][et_pb_column type=&quot;4_4&quot; _builder_version=&quot;4.27.4&quot; _module_preset=&quot;default&quot; global_colors_info=&quot;{}&quot;][et_pb_text _builder_version=&quot;4.27.4&quot; _module_preset=&quot;default&quot; text_font_size=&quot;16px&quot; text_line_height=&quot;1.8em&quot; header_2_font=&quot;|700|||||||&quot; header_2_text_color=&quot;#ed1c24&quot; text_font_size_tablet=&quot;15px&quot; text_font_size_phone=&quot;14px&quot; text_font_size_last_edited=&quot;on|desktop&quot; custom_css_free_form=&quot;selector h2 {||  margin-bottom: 15px;||}&quot; locked=&quot;off&quot; global_colors_info=&quot;{}&quot;]<\/p>\n<h2>Solucions dom\u00f2tiques innovadores<\/h2>\n<p>A <strong>Pujadas<\/strong> ens apassiona fer la vostra vida m\u00e9s c\u00f2moda, segura i eficient. Som especialistes en solucions dom\u00f2tiques avan\u00e7ades, dissenyades per transformar qualsevol espai en un entorn intel\u00b7ligent i connectat. Des de sistemes d'il\u00b7luminaci\u00f3 i climatitzaci\u00f3 automatitzada fins a sistemes de seguretat de darrera generaci\u00f3, oferim tecnologies integrades que s'adapten a les vostres necessitats.<\/p>\n<p>Descobriu com la dom\u00f2tica pot simplificar el vostre dia a dia, millorant el confort, reduint el consum energ\u00e8tic i oferint-vos el control total de la vostra llar o negoci, tot des del vostre tel\u00e8fon m\u00f2bil o tauleta.<\/p>\n<p>Confieu en <strong>Pujadas<\/strong>, on la innovaci\u00f3 i la qualitat es combinen per oferir-vos una experi\u00e8ncia \u00fanica i personalitzada. Transformeu el vostre espai amb nosaltres!<\/p>\n<p>[\/et_pb_text][\/et_pb_column][\/et_pb_row][et_pb_row column_structure=&quot;1_3,1_3,1_3&quot; _builder_version=&quot;4.27.4&quot; _module_preset=&quot;default&quot; locked=&quot;off&quot; global_colors_info=&quot;{}&quot;][et_pb_column type=&quot;1_3&quot; _builder_version=&quot;4.27.4&quot; _module_preset=&quot;default&quot; background_enable_color=&quot;off&quot; background_image=&quot;https:\/\/pujadas.co\/wp-content\/uploads\/2025\/01\/home_cat_1.jpg&quot; custom_padding=&quot;150px||50px||false|false&quot; custom_css_main_element=&quot;border-radius:20px;||overflow: hidden;&quot; box_shadow_style=&quot;preset3&quot; box_shadow_spread=&quot;-12px&quot; global_colors_info=&quot;{}&quot;][et_pb_blurb title=&quot;Categoria 1&quot; content_max_width=&quot;100%&quot; _builder_version=&quot;4.27.4&quot; _module_preset=&quot;default&quot; header_font=&quot;|700|||||||&quot; header_text_color=&quot;#FFFFFF&quot; header_font_size=&quot;24px&quot; body_text_color=&quot;#FFFFFF&quot; width=&quot;66%&quot; module_alignment=&quot;left&quot; custom_margin=&quot;||||false|false&quot; custom_padding=&quot;|25px||25px|false|true&quot; custom_css_blurb_title=&quot;margin-bottom: 10px&quot; text_shadow_style=&quot;preset1&quot; global_colors_info=&quot;{}&quot;]<\/p>\n<p>Controla i automatitza casa teva amb els nostres productes de dom\u00f2tica.<\/p>\n<p>[\/et_pb_blurb][et_pb_button button_text=&quot;Veure productes&quot; _builder_version=&quot;4.27.4&quot; _module_preset=&quot;default&quot; custom_button=&quot;on&quot; button_text_size=&quot;14px&quot; button_text_color=&quot;#ed1c24&quot; button_bg_color=&quot;#FFFFFF&quot; button_border_width=&quot;0px&quot; button_letter_spacing=&quot;1px&quot; custom_margin=&quot;|||25px|false|false&quot; hover_enabled=&quot;0&quot; global_colors_info=&quot;{}&quot; button_url=&quot;\/pujadas\/c\/categoria-1&quot; sticky_enabled=&quot;0&quot;][\/et_pb_button][\/et_pb_column][et_pb_column type=&quot;1_3&quot; _builder_version=&quot;4.27.4&quot; _module_preset=&quot;default&quot; background_enable_color=&quot;off&quot; background_image=&quot;https:\/\/pujadas.co\/wp-content\/uploads\/2025\/01\/home_cat_2.jpg&quot; custom_padding=&quot;150px||50px||false|false&quot; custom_css_main_element=&quot;border-radius:20px;||overflow: hidden;&quot; box_shadow_style=&quot;preset3&quot; box_shadow_spread=&quot;-12px&quot; global_colors_info=&quot;{}&quot;][et_pb_blurb title=&quot;Categoria 2&quot; content_max_width=&quot;100%&quot; _builder_version=&quot;4.27.4&quot; _module_preset=&quot;default&quot; header_font=&quot;|700|||||||&quot; header_text_color=&quot;#FFFFFF&quot; header_font_size=&quot;24px&quot; body_text_color=&quot;#FFFFFF&quot; width=&quot;66%&quot; module_alignment=&quot;left&quot; custom_margin=&quot;||||false|false&quot; custom_padding=&quot;|25px||25px|false|true&quot; custom_css_blurb_title=&quot;margin-bottom: 10px&quot; text_shadow_style=&quot;preset1&quot; global_colors_info=&quot;{}&quot;]<\/p>\n<p>Controla i automatitza casa teva amb els nostres productes de dom\u00f2tica.<\/p>\n<p>[\/et_pb_blurb][et_pb_button button_text=&quot;Veure productes&quot; _builder_version=&quot;4.27.4&quot; _module_preset=&quot;default&quot; custom_button=&quot;on&quot; button_text_size=&quot;14px&quot; button_text_color=&quot;#ed1c24&quot; button_bg_color=&quot;#FFFFFF&quot; button_border_width=&quot;0px&quot; button_letter_spacing=&quot;1px&quot; custom_margin=&quot;|||25px|false|false&quot; global_colors_info=&quot;{}&quot;][\/et_pb_button][\/et_pb_column][et_pb_column type=&quot;1_3&quot; _builder_version=&quot;4.27.4&quot; _module_preset=&quot;default&quot; background_enable_color=&quot;off&quot; background_image=&quot;https:\/\/pujadas.co\/wp-content\/uploads\/2025\/01\/home_cat_3.jpg&quot; custom_padding=&quot;150px||50px||false|false&quot; custom_css_main_element=&quot;border-radius:20px;||overflow: hidden;&quot; box_shadow_style=&quot;preset3&quot; box_shadow_spread=&quot;-12px&quot; global_colors_info=&quot;{}&quot;][et_pb_blurb title=&quot;Categoria 3&quot; content_max_width=&quot;100%&quot; _builder_version=&quot;4.27.4&quot; _module_preset=&quot;default&quot; header_font=&quot;|700|||||||&quot; header_text_color=&quot;#FFFFFF&quot; header_font_size=&quot;24px&quot; body_text_color=&quot;#FFFFFF&quot; width=&quot;66%&quot; module_alignment=&quot;left&quot; custom_margin=&quot;||||false|false&quot; custom_padding=&quot;|25px||25px|false|true&quot; custom_css_blurb_title=&quot;margin-bottom: 10px&quot; text_shadow_style=&quot;preset1&quot; global_colors_info=&quot;{}&quot;]<\/p>\n<p>Controla i automatitza casa teva amb els nostres productes de dom\u00f2tica.<\/p>\n<p>[\/et_pb_blurb][et_pb_button button_text=&quot;Veure productes&quot; _builder_version=&quot;4.27.4&quot; _module_preset=&quot;default&quot; custom_button=&quot;on&quot; button_text_size=&quot;14px&quot; button_text_color=&quot;#ed1c24&quot; button_bg_color=&quot;#FFFFFF&quot; button_border_width=&quot;0px&quot; button_letter_spacing=&quot;1px&quot; custom_margin=&quot;|||25px|false|false&quot; global_colors_info=&quot;{}&quot;][\/et_pb_button][\/et_pb_column][\/et_pb_row][\/et_pb_section][et_pb_section fb_built=&quot;1&quot; custom_padding_last_edited=&quot;on|tablet&quot; admin_label=&quot;Live Chat&quot; _builder_version=&quot;4.27.4&quot; use_background_color_gradient=&quot;on&quot; background_color_gradient_type=&quot;circular&quot; background_color_gradient_direction_radial=&quot;top left&quot; background_color_gradient_stops=&quot;rgba(237,239,250,0.6) 20%|#edeffa 80%&quot; background_color_gradient_overlays_image=&quot;on&quot; background_color_gradient_start=&quot;rgba(237,239,250,0)&quot; background_color_gradient_start_position=&quot;20%&quot; background_color_gradient_end=&quot;#edeffa&quot; background_color_gradient_end_position=&quot;80%&quot; background_image=&quot;https:\/\/pujadas.co\/wp-content\/uploads\/2025\/01\/slider_home_1.jpg&quot; background_position=&quot;top_left&quot; module_alignment=&quot;right&quot; custom_margin=&quot;|||&quot; custom_margin_tablet=&quot;|0%||0%&quot; custom_margin_last_edited=&quot;off|desktop&quot; custom_padding=&quot;0px|0px|0|0px|false|false&quot; custom_padding_tablet=&quot;|||&quot; custom_padding_phone=&quot;&quot; top_divider_arrangement=&quot;above_content&quot; top_divider_height_tablet=&quot;90px&quot; top_divider_height_phone=&quot;90px&quot; bottom_divider_color=&quot;#ffffff&quot; bottom_divider_height=&quot;0%&quot; bottom_divider_repeat=&quot;0.6x&quot; bottom_divider_flip=&quot;horizontal&quot; bottom_divider_arrangement=&quot;above_content&quot; bottom_divider_height_tablet=&quot;90px&quot; bottom_divider_height_phone=&quot;90px&quot; bottom_divider_height_last_edited=&quot;on|phone&quot; locked=&quot;off&quot; global_colors_info=&quot;{}&quot;][et_pb_row column_structure=&quot;1_2,1_2&quot; make_equal=&quot;on&quot; custom_padding_last_edited=&quot;on|desktop&quot; _builder_version=&quot;4.16&quot; width=&quot;100%&quot; max_width=&quot;100%&quot; custom_margin=&quot;|||0%&quot; custom_margin_tablet=&quot;|||&quot; custom_margin_last_edited=&quot;off|desktop&quot; custom_padding=&quot;0|20%|0|0px|false|false&quot; custom_padding_tablet=&quot;|0%||&quot; custom_padding_phone=&quot;&quot; use_custom_width=&quot;on&quot; width_unit=&quot;off&quot; custom_width_percent=&quot;100%&quot; global_colors_info=&quot;{}&quot;][et_pb_column type=&quot;1_2&quot; _builder_version=&quot;4.16&quot; custom_padding=&quot;|||&quot; global_colors_info=&quot;{}&quot; custom_padding__hover=&quot;|||&quot;][et_pb_divider show_divider=&quot;off&quot; _builder_version=&quot;4.16&quot; height=&quot;300px&quot; global_colors_info=&quot;{}&quot;][\/et_pb_divider][\/et_pb_column][et_pb_column type=&quot;1_2&quot; _builder_version=&quot;4.16&quot; custom_padding=&quot;100px||20%|&quot; custom_padding_tablet=&quot;|10%||10%&quot; custom_padding_phone=&quot;|10%||10%&quot; custom_padding_last_edited=&quot;on|desktop&quot; global_colors_info=&quot;{}&quot; padding_tablet=&quot;|10%||10%&quot; padding_last_edited=&quot;on|desktop&quot; custom_padding__hover=&quot;|||&quot; padding_phone=&quot;|10%||10%&quot;][et_pb_text _builder_version=&quot;4.27.4&quot; text_font=&quot;Montserrat||||||||&quot; text_font_size=&quot;16px&quot; text_line_height=&quot;1.8em&quot; link_font=&quot;Montserrat|700|||||||&quot; link_text_color=&quot;#fa546d&quot; link_font_size=&quot;22px&quot; link_line_height=&quot;1.5em&quot; header_font=&quot;||||||||&quot; header_2_font=&quot;&#8211;et_global_heading_font|700|||||||&quot; header_2_text_color=&quot;#ed1c24&quot; header_2_font_size=&quot;40px&quot; header_2_line_height=&quot;1.4em&quot; header_6_font=&quot;Montserrat|600||on|||||&quot; header_6_text_color=&quot;#fa546d&quot; header_6_font_size=&quot;16px&quot; header_6_letter_spacing=&quot;2px&quot; header_6_line_height=&quot;1.5em&quot; max_width_last_edited=&quot;off|desktop&quot; module_alignment=&quot;left&quot; custom_margin=&quot;|||&quot; custom_padding=&quot;|||&quot; header_2_font_size_tablet=&quot;&quot; header_2_font_size_phone=&quot;24px&quot; header_2_font_size_last_edited=&quot;on|phone&quot; locked=&quot;off&quot; global_colors_info=&quot;{}&quot;]<\/p>\n<h2>No trobes el que busques?<\/h2>\n<p>No dubtis a consultar-nos! T'assessorarem sobre les millors opcions i productes per a les teves necessitats. T'ajudem a fer m\u00e9s f\u00e0cil la teva vida!<\/p>\n<p>[\/et_pb_text][et_pb_button button_url=&quot;@ET-DC@eyJkeW5hbWljIjp0cnVlLCJjb250ZW50IjoicG9zdF9saW5rX3VybF9wYWdlIiwic2V0dGluZ3MiOnsicG9zdF9pZCI6IjIzIn19@&quot; button_text=&quot;Contacta amb nosaltres&quot; _builder_version=&quot;4.27.4&quot; _dynamic_attributes=&quot;button_url&quot; _module_preset=&quot;_initial&quot; custom_button=&quot;on&quot; button_text_color=&quot;#FFFFFF&quot; button_bg_color=&quot;#ed1c24&quot; button_border_width=&quot;0px&quot; button_border_radius=&quot;5px&quot; custom_padding=&quot;12px|24px|12px|24px|true|true&quot; locked=&quot;off&quot; global_colors_info=&quot;{}&quot;][\/et_pb_button][\/et_pb_column][\/et_pb_row][\/et_pb_section]<\/p>\n","protected":false},"excerpt":{"rendered":"<p>Coneix els nostres productesSolucions dom\u00f2tiques innovadores A Pujadas ens apassiona fer la vostra vida m\u00e9s c\u00f2moda, segura i eficient. Som especialistes en solucions dom\u00f2tiques avan\u00e7ades, dissenyades per transformar qualsevol espai en un entorn intel\u00b7ligent i connectat. Des de sistemes d'il\u00b7luminaci\u00f3 i climatitzaci\u00f3 automatitzada fins a sistemes de seguretat de darrera generaci\u00f3, oferim tecnologies integrades que [&hellip;]<\/p>\n","protected":false},"author":3,"featured_media":0,"parent":0,"menu_order":0,"comment_status":"closed","ping_status":"closed","template":"","meta":{"_et_pb_use_builder":"on","_et_pb_old_content":"","_et_gb_content_width":"","footnotes":""},"class_list":["post-1247","page","type-page","status-publish","hentry"],"yoast_head":"<!-- This site is optimized with the Yoast SEO plugin v25.0 - https:\/\/yoast.com\/wordpress\/plugins\/seo\/ -->\n<title>\u05d7\u05e0\u05d5\u05ea - Pujadas Proyectos T\u00e9cnicos y Formativos<\/title>\n<meta name=\"robots\" content=\"index, follow, max-snippet:-1, max-image-preview:large, max-video-preview:-1\" \/>\n<link rel=\"canonical\" href=\"https:\/\/pujadas.co\/he\/%d7%97%d7%a0%d7%95%d7%aa\/\" \/>\n<meta property=\"og:locale\" content=\"he_IL\" \/>\n<meta property=\"og:type\" content=\"article\" \/>\n<meta property=\"og:title\" content=\"\u05d7\u05e0\u05d5\u05ea - Pujadas Proyectos T\u00e9cnicos y Formativos\" \/>\n<meta property=\"og:description\" content=\"Coneix els nostres productesSolucions dom\u00f2tiques innovadores A Pujadas ens apassiona fer la vostra vida m\u00e9s c\u00f2moda, segura i eficient. Som especialistes en solucions dom\u00f2tiques avan\u00e7ades, dissenyades per transformar qualsevol espai en un entorn intel\u00b7ligent i connectat. Des de sistemes d&#039;il\u00b7luminaci\u00f3 i climatitzaci\u00f3 automatitzada fins a sistemes de seguretat de darrera generaci\u00f3, oferim tecnologies integrades que [&hellip;]\" \/>\n<meta property=\"og:url\" content=\"https:\/\/pujadas.co\/he\/%d7%97%d7%a0%d7%95%d7%aa\/\" \/>\n<meta property=\"og:site_name\" content=\"Pujadas Proyectos T\u00e9cnicos y Formativos\" \/>\n<meta property=\"article:modified_time\" content=\"2025-01-24T10:40:25+00:00\" \/>\n<meta name=\"twitter:card\" content=\"summary_large_image\" \/>\n<meta name=\"twitter:label1\" content=\"\u05d6\u05de\u05df \u05e7\u05e8\u05d9\u05d0\u05d4 \u05de\u05d5\u05e2\u05e8\u05da\" \/>\n\t<meta name=\"twitter:data1\" content=\"8 \u05d3\u05e7\u05d5\u05ea\" \/>\n<script type=\"application\/ld+json\" class=\"yoast-schema-graph\">{\"@context\":\"https:\/\/schema.org\",\"@graph\":[{\"@type\":\"WebPage\",\"@id\":\"https:\/\/pujadas.co\/he\/%d7%97%d7%a0%d7%95%d7%aa\/\",\"url\":\"https:\/\/pujadas.co\/he\/%d7%97%d7%a0%d7%95%d7%aa\/\",\"name\":\"\u05d7\u05e0\u05d5\u05ea - Pujadas Proyectos T\u00e9cnicos y Formativos\",\"isPartOf\":{\"@id\":\"https:\/\/pujadas.co\/he\/#website\"},\"datePublished\":\"2025-01-10T10:57:28+00:00\",\"dateModified\":\"2025-01-24T10:40:25+00:00\",\"breadcrumb\":{\"@id\":\"https:\/\/pujadas.co\/he\/%d7%97%d7%a0%d7%95%d7%aa\/#breadcrumb\"},\"inLanguage\":\"he-IL\",\"potentialAction\":[{\"@type\":\"ReadAction\",\"target\":[\"https:\/\/pujadas.co\/he\/%d7%97%d7%a0%d7%95%d7%aa\/\"]}]},{\"@type\":\"BreadcrumbList\",\"@id\":\"https:\/\/pujadas.co\/he\/%d7%97%d7%a0%d7%95%d7%aa\/#breadcrumb\",\"itemListElement\":[{\"@type\":\"ListItem\",\"position\":1,\"name\":\"Inici\",\"item\":\"https:\/\/pujadas.co\/he\/\"},{\"@type\":\"ListItem\",\"position\":2,\"name\":\"\u05d7\u05e0\u05d5\u05ea\"}]},{\"@type\":\"WebSite\",\"@id\":\"https:\/\/pujadas.co\/he\/#website\",\"url\":\"https:\/\/pujadas.co\/he\/\",\"name\":\"Pujadas Proyectos T\u00e9cnicos y Formativos\",\"description\":\"\",\"potentialAction\":[{\"@type\":\"SearchAction\",\"target\":{\"@type\":\"EntryPoint\",\"urlTemplate\":\"https:\/\/pujadas.co\/he\/?s={search_term_string}\"},\"query-input\":{\"@type\":\"PropertyValueSpecification\",\"valueRequired\":true,\"valueName\":\"search_term_string\"}}],\"inLanguage\":\"he-IL\"}]}<\/script>\n<!-- \/ Yoast SEO plugin. -->","yoast_head_json":{"title":"\u05d7\u05e0\u05d5\u05ea - Pujadas Proyectos T\u00e9cnicos y Formativos","robots":{"index":"index","follow":"follow","max-snippet":"max-snippet:-1","max-image-preview":"max-image-preview:large","max-video-preview":"max-video-preview:-1"},"canonical":"https:\/\/pujadas.co\/he\/%d7%97%d7%a0%d7%95%d7%aa\/","og_locale":"he_IL","og_type":"article","og_title":"\u05d7\u05e0\u05d5\u05ea - Pujadas Proyectos T\u00e9cnicos y Formativos","og_description":"Coneix els nostres productesSolucions dom\u00f2tiques innovadores A Pujadas ens apassiona fer la vostra vida m\u00e9s c\u00f2moda, segura i eficient. Som especialistes en solucions dom\u00f2tiques avan\u00e7ades, dissenyades per transformar qualsevol espai en un entorn intel\u00b7ligent i connectat. Des de sistemes d'il\u00b7luminaci\u00f3 i climatitzaci\u00f3 automatitzada fins a sistemes de seguretat de darrera generaci\u00f3, oferim tecnologies integrades que [&hellip;]","og_url":"https:\/\/pujadas.co\/he\/%d7%97%d7%a0%d7%95%d7%aa\/","og_site_name":"Pujadas Proyectos T\u00e9cnicos y Formativos","article_modified_time":"2025-01-24T10:40:25+00:00","twitter_card":"summary_large_image","twitter_misc":{"\u05d6\u05de\u05df \u05e7\u05e8\u05d9\u05d0\u05d4 \u05de\u05d5\u05e2\u05e8\u05da":"8 \u05d3\u05e7\u05d5\u05ea"},"schema":{"@context":"https:\/\/schema.org","@graph":[{"@type":"WebPage","@id":"https:\/\/pujadas.co\/he\/%d7%97%d7%a0%d7%95%d7%aa\/","url":"https:\/\/pujadas.co\/he\/%d7%97%d7%a0%d7%95%d7%aa\/","name":"\u05d7\u05e0\u05d5\u05ea - Pujadas Proyectos T\u00e9cnicos y Formativos","isPartOf":{"@id":"https:\/\/pujadas.co\/he\/#website"},"datePublished":"2025-01-10T10:57:28+00:00","dateModified":"2025-01-24T10:40:25+00:00","breadcrumb":{"@id":"https:\/\/pujadas.co\/he\/%d7%97%d7%a0%d7%95%d7%aa\/#breadcrumb"},"inLanguage":"he-IL","potentialAction":[{"@type":"ReadAction","target":["https:\/\/pujadas.co\/he\/%d7%97%d7%a0%d7%95%d7%aa\/"]}]},{"@type":"BreadcrumbList","@id":"https:\/\/pujadas.co\/he\/%d7%97%d7%a0%d7%95%d7%aa\/#breadcrumb","itemListElement":[{"@type":"ListItem","position":1,"name":"Inici","item":"https:\/\/pujadas.co\/he\/"},{"@type":"ListItem","position":2,"name":"\u05d7\u05e0\u05d5\u05ea"}]},{"@type":"WebSite","@id":"https:\/\/pujadas.co\/he\/#website","url":"https:\/\/pujadas.co\/he\/","name":"Pujadas Proyectos T\u00e9cnicos y Formativos","description":"","potentialAction":[{"@type":"SearchAction","target":{"@type":"EntryPoint","urlTemplate":"https:\/\/pujadas.co\/he\/?s={search_term_string}"},"query-input":{"@type":"PropertyValueSpecification","valueRequired":true,"valueName":"search_term_string"}}],"inLanguage":"he-IL"}]}},"_links":{"self":[{"href":"https:\/\/pujadas.co\/he\/wp-json\/wp\/v2\/pages\/1247","targetHints":{"allow":["GET"]}}],"collection":[{"href":"https:\/\/pujadas.co\/he\/wp-json\/wp\/v2\/pages"}],"about":[{"href":"https:\/\/pujadas.co\/he\/wp-json\/wp\/v2\/types\/page"}],"author":[{"embeddable":true,"href":"https:\/\/pujadas.co\/he\/wp-json\/wp\/v2\/users\/3"}],"replies":[{"embeddable":true,"href":"https:\/\/pujadas.co\/he\/wp-json\/wp\/v2\/comments?post=1247"}],"version-history":[{"count":0,"href":"https:\/\/pujadas.co\/he\/wp-json\/wp\/v2\/pages\/1247\/revisions"}],"wp:attachment":[{"href":"https:\/\/pujadas.co\/he\/wp-json\/wp\/v2\/media?parent=1247"}],"curies":[{"name":"wp","href":"https:\/\/api.w.org\/{rel}","templated":true}]}}