{"id":1243,"date":"2025-01-10T11:57:28","date_gmt":"2025-01-10T10:57:28","guid":{"rendered":"https:\/\/pujadas.co\/shop\/"},"modified":"2025-01-24T11:40:23","modified_gmt":"2025-01-24T10:40:23","slug":"shop","status":"publish","type":"page","link":"https:\/\/pujadas.co\/zh-hant\/shop\/","title":{"rendered":"Shop"},"content":{"rendered":"<p>[et_pb_section fb_built=&#8221;1&#8243; custom_padding_last_edited=&#8221;on|tablet&#8221; next_background_color=&#8221;#ffffff&#8221; admin_label=&#8221;Hero&#8221; _builder_version=&#8221;4.27.4&#8243; use_background_color_gradient=&#8221;on&#8221; background_color_gradient_type=&#8221;circular&#8221; background_color_gradient_direction_radial=&#8221;top right&#8221; background_color_gradient_stops=&#8221;rgba(255,255,255,0) 20%|rgba(237,28,36,0.6) 100%&#8221; background_color_gradient_overlays_image=&#8221;on&#8221; background_color_gradient_start=&#8221;rgba(255,255,255,0)&#8221; background_color_gradient_start_position=&#8221;20%&#8221; background_color_gradient_end=&#8221;rgba(1,77,183,0.9)&#8221; background_image=&#8221;https:\/\/pujadas.co\/wp-content\/uploads\/2025\/01\/home_img_1.webp&#8221; custom_padding=&#8221;110px|0px|160px|0px|false|false&#8221; custom_padding_tablet=&#8221;50px||50px||true&#8221; custom_padding_phone=&#8221;|||&#8221; bottom_divider_style=&#8221;asymmetric&#8221; bottom_divider_height=&#8221;50px&#8221; bottom_divider_flip=&#8221;horizontal&#8221; bottom_divider_height_tablet=&#8221;90px&#8221; bottom_divider_height_phone=&#8221;80px&#8221; global_colors_info=&#8221;{}&#8221;][et_pb_row column_structure=&#8221;2_3,1_3&#8243; _builder_version=&#8221;4.16&#8243; custom_width_px=&#8221;1280px&#8221; global_colors_info=&#8221;{}&#8221;][et_pb_column type=&#8221;2_3&#8243; _builder_version=&#8221;4.16&#8243; custom_padding=&#8221;|||&#8221; global_colors_info=&#8221;{}&#8221; custom_padding__hover=&#8221;|||&#8221;][et_pb_text _builder_version=&#8221;4.27.4&#8243; text_font=&#8221;Montserrat||||||||&#8221; text_text_color=&#8221;rgba(255,255,255,0.7)&#8221; text_font_size=&#8221;20px&#8221; text_line_height=&#8221;1.8em&#8221; header_font=&#8221;Montserrat|700|||||||&#8221; header_font_size=&#8221;44px&#8221; header_line_height=&#8221;1.4em&#8221; header_6_font=&#8221;Montserrat|600||on|||||&#8221; header_6_text_color=&#8221;rgba(255,255,255,0.7)&#8221; header_6_font_size=&#8221;16px&#8221; header_6_letter_spacing=&#8221;2px&#8221; header_6_line_height=&#8221;1.5em&#8221; background_layout=&#8221;dark&#8221; max_width=&#8221;780px&#8221; text_font_size_tablet=&#8221;&#8221; text_font_size_phone=&#8221;15px&#8221; text_font_size_last_edited=&#8221;on|phone&#8221; header_font_size_tablet=&#8221;&#8221; header_font_size_phone=&#8221;28px&#8221; header_font_size_last_edited=&#8221;on|phone&#8221; global_colors_info=&#8221;{}&#8221;]<\/p>\n<h1>Coneix els nostres productes<\/h1>\n<p>[\/et_pb_text][\/et_pb_column][et_pb_column type=&#8221;1_3&#8243; _builder_version=&#8221;4.16&#8243; custom_padding=&#8221;|||&#8221; global_colors_info=&#8221;{}&#8221; custom_padding__hover=&#8221;|||&#8221;][\/et_pb_column][\/et_pb_row][\/et_pb_section][et_pb_section fb_built=&#8221;1&#8243; admin_label=&#8221;Products&#8221; _builder_version=&#8221;4.16&#8243; background_color=&#8221;#ffffff&#8221; custom_padding=&#8221;53.625px|0px|53.625px|0|false|false&#8221; global_colors_info=&#8221;{}&#8221;][et_pb_row _builder_version=&#8221;4.27.4&#8243; _module_preset=&#8221;default&#8221; global_colors_info=&#8221;{}&#8221;][et_pb_column type=&#8221;4_4&#8243; _builder_version=&#8221;4.27.4&#8243; _module_preset=&#8221;default&#8221; global_colors_info=&#8221;{}&#8221;][et_pb_text _builder_version=&#8221;4.27.4&#8243; _module_preset=&#8221;default&#8221; text_font_size=&#8221;16px&#8221; text_line_height=&#8221;1.8em&#8221; header_2_font=&#8221;|700|||||||&#8221; header_2_text_color=&#8221;#ed1c24&#8243; text_font_size_tablet=&#8221;15px&#8221; text_font_size_phone=&#8221;14px&#8221; text_font_size_last_edited=&#8221;on|desktop&#8221; custom_css_free_form=&#8221;selector h2 {||  margin-bottom: 15px;||}&#8221; locked=&#8221;off&#8221; global_colors_info=&#8221;{}&#8221;]<\/p>\n<h2>Solucions dom\u00f2tiques innovadores<\/h2>\n<p>A <strong>Pujadas<\/strong> ens apassiona fer la vostra vida m\u00e9s c\u00f2moda, segura i eficient. Som especialistes en solucions dom\u00f2tiques avan\u00e7ades, dissenyades per transformar qualsevol espai en un entorn intel\u00b7ligent i connectat. Des de sistemes d&#8217;il\u00b7luminaci\u00f3 i climatitzaci\u00f3 automatitzada fins a sistemes de seguretat de darrera generaci\u00f3, oferim tecnologies integrades que s&#8217;adapten a les vostres necessitats.<\/p>\n<p>Descobriu com la dom\u00f2tica pot simplificar el vostre dia a dia, millorant el confort, reduint el consum energ\u00e8tic i oferint-vos el control total de la vostra llar o negoci, tot des del vostre tel\u00e8fon m\u00f2bil o tauleta.<\/p>\n<p>Confieu en <strong>Pujadas<\/strong>, on la innovaci\u00f3 i la qualitat es combinen per oferir-vos una experi\u00e8ncia \u00fanica i personalitzada. Transformeu el vostre espai amb nosaltres!<\/p>\n<p>[\/et_pb_text][\/et_pb_column][\/et_pb_row][et_pb_row column_structure=&#8221;1_3,1_3,1_3&#8243; _builder_version=&#8221;4.27.4&#8243; _module_preset=&#8221;default&#8221; locked=&#8221;off&#8221; global_colors_info=&#8221;{}&#8221;][et_pb_column type=&#8221;1_3&#8243; _builder_version=&#8221;4.27.4&#8243; _module_preset=&#8221;default&#8221; background_enable_color=&#8221;off&#8221; background_image=&#8221;https:\/\/pujadas.co\/wp-content\/uploads\/2025\/01\/home_cat_1.jpg&#8221; custom_padding=&#8221;150px||50px||false|false&#8221; custom_css_main_element=&#8221;border-radius:20px;||overflow: hidden;&#8221; box_shadow_style=&#8221;preset3&#8243; box_shadow_spread=&#8221;-12px&#8221; global_colors_info=&#8221;{}&#8221;][et_pb_blurb title=&#8221;Categoria 1&#8243; content_max_width=&#8221;100%&#8221; _builder_version=&#8221;4.27.4&#8243; _module_preset=&#8221;default&#8221; header_font=&#8221;|700|||||||&#8221; header_text_color=&#8221;#FFFFFF&#8221; header_font_size=&#8221;24px&#8221; body_text_color=&#8221;#FFFFFF&#8221; width=&#8221;66%&#8221; module_alignment=&#8221;left&#8221; custom_margin=&#8221;||||false|false&#8221; custom_padding=&#8221;|25px||25px|false|true&#8221; custom_css_blurb_title=&#8221;margin-bottom: 10px&#8221; text_shadow_style=&#8221;preset1&#8243; global_colors_info=&#8221;{}&#8221;]<\/p>\n<p>Controla i automatitza casa teva amb els nostres productes de dom\u00f2tica.<\/p>\n<p>[\/et_pb_blurb][et_pb_button button_text=&#8221;Veure productes&#8221; _builder_version=&#8221;4.27.4&#8243; _module_preset=&#8221;default&#8221; custom_button=&#8221;on&#8221; button_text_size=&#8221;14px&#8221; button_text_color=&#8221;#ed1c24&#8243; button_bg_color=&#8221;#FFFFFF&#8221; button_border_width=&#8221;0px&#8221; button_letter_spacing=&#8221;1px&#8221; custom_margin=&#8221;|||25px|false|false&#8221; hover_enabled=&#8221;0&#8243; global_colors_info=&#8221;{}&#8221; button_url=&#8221;\/pujadas\/c\/categoria-1&#8243; sticky_enabled=&#8221;0&#8243;][\/et_pb_button][\/et_pb_column][et_pb_column type=&#8221;1_3&#8243; _builder_version=&#8221;4.27.4&#8243; _module_preset=&#8221;default&#8221; background_enable_color=&#8221;off&#8221; background_image=&#8221;https:\/\/pujadas.co\/wp-content\/uploads\/2025\/01\/home_cat_2.jpg&#8221; custom_padding=&#8221;150px||50px||false|false&#8221; custom_css_main_element=&#8221;border-radius:20px;||overflow: hidden;&#8221; box_shadow_style=&#8221;preset3&#8243; box_shadow_spread=&#8221;-12px&#8221; global_colors_info=&#8221;{}&#8221;][et_pb_blurb title=&#8221;Categoria 2&#8243; content_max_width=&#8221;100%&#8221; _builder_version=&#8221;4.27.4&#8243; _module_preset=&#8221;default&#8221; header_font=&#8221;|700|||||||&#8221; header_text_color=&#8221;#FFFFFF&#8221; header_font_size=&#8221;24px&#8221; body_text_color=&#8221;#FFFFFF&#8221; width=&#8221;66%&#8221; module_alignment=&#8221;left&#8221; custom_margin=&#8221;||||false|false&#8221; custom_padding=&#8221;|25px||25px|false|true&#8221; custom_css_blurb_title=&#8221;margin-bottom: 10px&#8221; text_shadow_style=&#8221;preset1&#8243; global_colors_info=&#8221;{}&#8221;]<\/p>\n<p>Controla i automatitza casa teva amb els nostres productes de dom\u00f2tica.<\/p>\n<p>[\/et_pb_blurb][et_pb_button button_text=&#8221;Veure productes&#8221; _builder_version=&#8221;4.27.4&#8243; _module_preset=&#8221;default&#8221; custom_button=&#8221;on&#8221; button_text_size=&#8221;14px&#8221; button_text_color=&#8221;#ed1c24&#8243; button_bg_color=&#8221;#FFFFFF&#8221; button_border_width=&#8221;0px&#8221; button_letter_spacing=&#8221;1px&#8221; custom_margin=&#8221;|||25px|false|false&#8221; global_colors_info=&#8221;{}&#8221;][\/et_pb_button][\/et_pb_column][et_pb_column type=&#8221;1_3&#8243; _builder_version=&#8221;4.27.4&#8243; _module_preset=&#8221;default&#8221; background_enable_color=&#8221;off&#8221; background_image=&#8221;https:\/\/pujadas.co\/wp-content\/uploads\/2025\/01\/home_cat_3.jpg&#8221; custom_padding=&#8221;150px||50px||false|false&#8221; custom_css_main_element=&#8221;border-radius:20px;||overflow: hidden;&#8221; box_shadow_style=&#8221;preset3&#8243; box_shadow_spread=&#8221;-12px&#8221; global_colors_info=&#8221;{}&#8221;][et_pb_blurb title=&#8221;Categoria 3&#8243; content_max_width=&#8221;100%&#8221; _builder_version=&#8221;4.27.4&#8243; _module_preset=&#8221;default&#8221; header_font=&#8221;|700|||||||&#8221; header_text_color=&#8221;#FFFFFF&#8221; header_font_size=&#8221;24px&#8221; body_text_color=&#8221;#FFFFFF&#8221; width=&#8221;66%&#8221; module_alignment=&#8221;left&#8221; custom_margin=&#8221;||||false|false&#8221; custom_padding=&#8221;|25px||25px|false|true&#8221; custom_css_blurb_title=&#8221;margin-bottom: 10px&#8221; text_shadow_style=&#8221;preset1&#8243; global_colors_info=&#8221;{}&#8221;]<\/p>\n<p>Controla i automatitza casa teva amb els nostres productes de dom\u00f2tica.<\/p>\n<p>[\/et_pb_blurb][et_pb_button button_text=&#8221;Veure productes&#8221; _builder_version=&#8221;4.27.4&#8243; _module_preset=&#8221;default&#8221; custom_button=&#8221;on&#8221; button_text_size=&#8221;14px&#8221; button_text_color=&#8221;#ed1c24&#8243; button_bg_color=&#8221;#FFFFFF&#8221; button_border_width=&#8221;0px&#8221; button_letter_spacing=&#8221;1px&#8221; custom_margin=&#8221;|||25px|false|false&#8221; global_colors_info=&#8221;{}&#8221;][\/et_pb_button][\/et_pb_column][\/et_pb_row][\/et_pb_section][et_pb_section fb_built=&#8221;1&#8243; custom_padding_last_edited=&#8221;on|tablet&#8221; admin_label=&#8221;Live Chat&#8221; _builder_version=&#8221;4.27.4&#8243; use_background_color_gradient=&#8221;on&#8221; background_color_gradient_type=&#8221;circular&#8221; background_color_gradient_direction_radial=&#8221;top left&#8221; background_color_gradient_stops=&#8221;rgba(237,239,250,0.6) 20%|#edeffa 80%&#8221; background_color_gradient_overlays_image=&#8221;on&#8221; background_color_gradient_start=&#8221;rgba(237,239,250,0)&#8221; background_color_gradient_start_position=&#8221;20%&#8221; background_color_gradient_end=&#8221;#edeffa&#8221; background_color_gradient_end_position=&#8221;80%&#8221; background_image=&#8221;https:\/\/pujadas.co\/wp-content\/uploads\/2025\/01\/slider_home_1.jpg&#8221; background_position=&#8221;top_left&#8221; module_alignment=&#8221;right&#8221; custom_margin=&#8221;|||&#8221; custom_margin_tablet=&#8221;|0%||0%&#8221; custom_margin_last_edited=&#8221;off|desktop&#8221; custom_padding=&#8221;0px|0px|0|0px|false|false&#8221; custom_padding_tablet=&#8221;|||&#8221; custom_padding_phone=&#8221;&#8221; top_divider_arrangement=&#8221;above_content&#8221; top_divider_height_tablet=&#8221;90px&#8221; top_divider_height_phone=&#8221;90px&#8221; bottom_divider_color=&#8221;#ffffff&#8221; bottom_divider_height=&#8221;0%&#8221; bottom_divider_repeat=&#8221;0.6x&#8221; bottom_divider_flip=&#8221;horizontal&#8221; bottom_divider_arrangement=&#8221;above_content&#8221; bottom_divider_height_tablet=&#8221;90px&#8221; bottom_divider_height_phone=&#8221;90px&#8221; bottom_divider_height_last_edited=&#8221;on|phone&#8221; locked=&#8221;off&#8221; global_colors_info=&#8221;{}&#8221;][et_pb_row column_structure=&#8221;1_2,1_2&#8243; make_equal=&#8221;on&#8221; custom_padding_last_edited=&#8221;on|desktop&#8221; _builder_version=&#8221;4.16&#8243; width=&#8221;100%&#8221; max_width=&#8221;100%&#8221; custom_margin=&#8221;|||0%&#8221; custom_margin_tablet=&#8221;|||&#8221; custom_margin_last_edited=&#8221;off|desktop&#8221; custom_padding=&#8221;0|20%|0|0px|false|false&#8221; custom_padding_tablet=&#8221;|0%||&#8221; custom_padding_phone=&#8221;&#8221; use_custom_width=&#8221;on&#8221; width_unit=&#8221;off&#8221; custom_width_percent=&#8221;100%&#8221; global_colors_info=&#8221;{}&#8221;][et_pb_column type=&#8221;1_2&#8243; _builder_version=&#8221;4.16&#8243; custom_padding=&#8221;|||&#8221; global_colors_info=&#8221;{}&#8221; custom_padding__hover=&#8221;|||&#8221;][et_pb_divider show_divider=&#8221;off&#8221; _builder_version=&#8221;4.16&#8243; height=&#8221;300px&#8221; global_colors_info=&#8221;{}&#8221;][\/et_pb_divider][\/et_pb_column][et_pb_column type=&#8221;1_2&#8243; _builder_version=&#8221;4.16&#8243; custom_padding=&#8221;100px||20%|&#8221; custom_padding_tablet=&#8221;|10%||10%&#8221; custom_padding_phone=&#8221;|10%||10%&#8221; custom_padding_last_edited=&#8221;on|desktop&#8221; global_colors_info=&#8221;{}&#8221; padding_tablet=&#8221;|10%||10%&#8221; padding_last_edited=&#8221;on|desktop&#8221; custom_padding__hover=&#8221;|||&#8221; padding_phone=&#8221;|10%||10%&#8221;][et_pb_text _builder_version=&#8221;4.27.4&#8243; text_font=&#8221;Montserrat||||||||&#8221; text_font_size=&#8221;16px&#8221; text_line_height=&#8221;1.8em&#8221; link_font=&#8221;Montserrat|700|||||||&#8221; link_text_color=&#8221;#fa546d&#8221; link_font_size=&#8221;22px&#8221; link_line_height=&#8221;1.5em&#8221; header_font=&#8221;||||||||&#8221; header_2_font=&#8221;&#8211;et_global_heading_font|700|||||||&#8221; header_2_text_color=&#8221;#ed1c24&#8243; header_2_font_size=&#8221;40px&#8221; header_2_line_height=&#8221;1.4em&#8221; header_6_font=&#8221;Montserrat|600||on|||||&#8221; header_6_text_color=&#8221;#fa546d&#8221; header_6_font_size=&#8221;16px&#8221; header_6_letter_spacing=&#8221;2px&#8221; header_6_line_height=&#8221;1.5em&#8221; max_width_last_edited=&#8221;off|desktop&#8221; module_alignment=&#8221;left&#8221; custom_margin=&#8221;|||&#8221; custom_padding=&#8221;|||&#8221; header_2_font_size_tablet=&#8221;&#8221; header_2_font_size_phone=&#8221;24px&#8221; header_2_font_size_last_edited=&#8221;on|phone&#8221; locked=&#8221;off&#8221; global_colors_info=&#8221;{}&#8221;]<\/p>\n<h2>No trobes el que busques?<\/h2>\n<p>No dubtis a consultar-nos! T&#8217;assessorarem sobre les millors opcions i productes per a les teves necessitats. T&#8217;ajudem a fer m\u00e9s f\u00e0cil la teva vida!<\/p>\n<p>[\/et_pb_text][et_pb_button button_url=&#8221;@ET-DC@eyJkeW5hbWljIjp0cnVlLCJjb250ZW50IjoicG9zdF9saW5rX3VybF9wYWdlIiwic2V0dGluZ3MiOnsicG9zdF9pZCI6IjIzIn19@&#8221; button_text=&#8221;Contacta amb nosaltres&#8221; _builder_version=&#8221;4.27.4&#8243; _dynamic_attributes=&#8221;button_url&#8221; _module_preset=&#8221;_initial&#8221; custom_button=&#8221;on&#8221; button_text_color=&#8221;#FFFFFF&#8221; button_bg_color=&#8221;#ed1c24&#8243; button_border_width=&#8221;0px&#8221; button_border_radius=&#8221;5px&#8221; custom_padding=&#8221;12px|24px|12px|24px|true|true&#8221; locked=&#8221;off&#8221; global_colors_info=&#8221;{}&#8221;][\/et_pb_button][\/et_pb_column][\/et_pb_row][\/et_pb_section]<\/p>\n","protected":false},"excerpt":{"rendered":"<p>Coneix els nostres productesSolucions dom\u00f2tiques innova [&hellip;]<\/p>\n","protected":false},"author":3,"featured_media":0,"parent":0,"menu_order":0,"comment_status":"closed","ping_status":"closed","template":"","meta":{"_et_pb_use_builder":"on","_et_pb_old_content":"","_et_gb_content_width":"","footnotes":""},"class_list":["post-1243","page","type-page","status-publish","hentry"],"yoast_head":"<!-- This site is optimized with the Yoast SEO plugin v25.0 - https:\/\/yoast.com\/wordpress\/plugins\/seo\/ -->\n<title>Shop - Pujadas Proyectos T\u00e9cnicos y Formativos<\/title>\n<meta name=\"robots\" content=\"index, follow, max-snippet:-1, max-image-preview:large, max-video-preview:-1\" \/>\n<link rel=\"canonical\" href=\"https:\/\/pujadas.co\/zh-hant\/shop\/\" \/>\n<meta property=\"og:locale\" content=\"zh_TW\" \/>\n<meta property=\"og:type\" content=\"article\" \/>\n<meta property=\"og:title\" content=\"Shop - Pujadas Proyectos T\u00e9cnicos y Formativos\" \/>\n<meta property=\"og:description\" content=\"Coneix els nostres productesSolucions dom\u00f2tiques innova [&hellip;]\" \/>\n<meta property=\"og:url\" content=\"https:\/\/pujadas.co\/zh-hant\/shop\/\" \/>\n<meta property=\"og:site_name\" content=\"Pujadas Proyectos T\u00e9cnicos y Formativos\" \/>\n<meta property=\"article:modified_time\" content=\"2025-01-24T10:40:23+00:00\" \/>\n<meta name=\"twitter:card\" content=\"summary_large_image\" \/>\n<meta name=\"twitter:label1\" content=\"\u9810\u4f30\u95b1\u8b80\u6642\u9593\" \/>\n\t<meta name=\"twitter:data1\" content=\"8 \u5206\u9418\" \/>\n<script type=\"application\/ld+json\" class=\"yoast-schema-graph\">{\"@context\":\"https:\/\/schema.org\",\"@graph\":[{\"@type\":\"WebPage\",\"@id\":\"https:\/\/pujadas.co\/zh-hant\/shop\/\",\"url\":\"https:\/\/pujadas.co\/zh-hant\/shop\/\",\"name\":\"Shop - Pujadas Proyectos T\u00e9cnicos y Formativos\",\"isPartOf\":{\"@id\":\"https:\/\/pujadas.co\/zh-hant\/#website\"},\"datePublished\":\"2025-01-10T10:57:28+00:00\",\"dateModified\":\"2025-01-24T10:40:23+00:00\",\"breadcrumb\":{\"@id\":\"https:\/\/pujadas.co\/zh-hant\/shop\/#breadcrumb\"},\"inLanguage\":\"zh-TW\",\"potentialAction\":[{\"@type\":\"ReadAction\",\"target\":[\"https:\/\/pujadas.co\/zh-hant\/shop\/\"]}]},{\"@type\":\"BreadcrumbList\",\"@id\":\"https:\/\/pujadas.co\/zh-hant\/shop\/#breadcrumb\",\"itemListElement\":[{\"@type\":\"ListItem\",\"position\":1,\"name\":\"Inici\",\"item\":\"https:\/\/pujadas.co\/zh-hant\/\"},{\"@type\":\"ListItem\",\"position\":2,\"name\":\"Shop\"}]},{\"@type\":\"WebSite\",\"@id\":\"https:\/\/pujadas.co\/zh-hant\/#website\",\"url\":\"https:\/\/pujadas.co\/zh-hant\/\",\"name\":\"Pujadas Proyectos T\u00e9cnicos y Formativos\",\"description\":\"\",\"potentialAction\":[{\"@type\":\"SearchAction\",\"target\":{\"@type\":\"EntryPoint\",\"urlTemplate\":\"https:\/\/pujadas.co\/zh-hant\/?s={search_term_string}\"},\"query-input\":{\"@type\":\"PropertyValueSpecification\",\"valueRequired\":true,\"valueName\":\"search_term_string\"}}],\"inLanguage\":\"zh-TW\"}]}<\/script>\n<!-- \/ Yoast SEO plugin. -->","yoast_head_json":{"title":"Shop - Pujadas Proyectos T\u00e9cnicos y Formativos","robots":{"index":"index","follow":"follow","max-snippet":"max-snippet:-1","max-image-preview":"max-image-preview:large","max-video-preview":"max-video-preview:-1"},"canonical":"https:\/\/pujadas.co\/zh-hant\/shop\/","og_locale":"zh_TW","og_type":"article","og_title":"Shop - Pujadas Proyectos T\u00e9cnicos y Formativos","og_description":"Coneix els nostres productesSolucions dom\u00f2tiques innova [&hellip;]","og_url":"https:\/\/pujadas.co\/zh-hant\/shop\/","og_site_name":"Pujadas Proyectos T\u00e9cnicos y Formativos","article_modified_time":"2025-01-24T10:40:23+00:00","twitter_card":"summary_large_image","twitter_misc":{"\u9810\u4f30\u95b1\u8b80\u6642\u9593":"8 \u5206\u9418"},"schema":{"@context":"https:\/\/schema.org","@graph":[{"@type":"WebPage","@id":"https:\/\/pujadas.co\/zh-hant\/shop\/","url":"https:\/\/pujadas.co\/zh-hant\/shop\/","name":"Shop - Pujadas Proyectos T\u00e9cnicos y Formativos","isPartOf":{"@id":"https:\/\/pujadas.co\/zh-hant\/#website"},"datePublished":"2025-01-10T10:57:28+00:00","dateModified":"2025-01-24T10:40:23+00:00","breadcrumb":{"@id":"https:\/\/pujadas.co\/zh-hant\/shop\/#breadcrumb"},"inLanguage":"zh-TW","potentialAction":[{"@type":"ReadAction","target":["https:\/\/pujadas.co\/zh-hant\/shop\/"]}]},{"@type":"BreadcrumbList","@id":"https:\/\/pujadas.co\/zh-hant\/shop\/#breadcrumb","itemListElement":[{"@type":"ListItem","position":1,"name":"Inici","item":"https:\/\/pujadas.co\/zh-hant\/"},{"@type":"ListItem","position":2,"name":"Shop"}]},{"@type":"WebSite","@id":"https:\/\/pujadas.co\/zh-hant\/#website","url":"https:\/\/pujadas.co\/zh-hant\/","name":"Pujadas Proyectos T\u00e9cnicos y Formativos","description":"","potentialAction":[{"@type":"SearchAction","target":{"@type":"EntryPoint","urlTemplate":"https:\/\/pujadas.co\/zh-hant\/?s={search_term_string}"},"query-input":{"@type":"PropertyValueSpecification","valueRequired":true,"valueName":"search_term_string"}}],"inLanguage":"zh-TW"}]}},"_links":{"self":[{"href":"https:\/\/pujadas.co\/zh-hant\/wp-json\/wp\/v2\/pages\/1243","targetHints":{"allow":["GET"]}}],"collection":[{"href":"https:\/\/pujadas.co\/zh-hant\/wp-json\/wp\/v2\/pages"}],"about":[{"href":"https:\/\/pujadas.co\/zh-hant\/wp-json\/wp\/v2\/types\/page"}],"author":[{"embeddable":true,"href":"https:\/\/pujadas.co\/zh-hant\/wp-json\/wp\/v2\/users\/3"}],"replies":[{"embeddable":true,"href":"https:\/\/pujadas.co\/zh-hant\/wp-json\/wp\/v2\/comments?post=1243"}],"version-history":[{"count":0,"href":"https:\/\/pujadas.co\/zh-hant\/wp-json\/wp\/v2\/pages\/1243\/revisions"}],"wp:attachment":[{"href":"https:\/\/pujadas.co\/zh-hant\/wp-json\/wp\/v2\/media?parent=1243"}],"curies":[{"name":"wp","href":"https:\/\/api.w.org\/{rel}","templated":true}]}}