{"id":1163,"date":"2025-01-21T09:18:14","date_gmt":"2025-01-21T08:18:14","guid":{"rendered":"https:\/\/pujadas.co\/?post_type=product&#038;p=1163"},"modified":"2025-01-21T13:36:07","modified_gmt":"2025-01-21T12:36:07","slug":"plafo-smartled-ksix-boreal-rgbic-cct-o-385-cm","status":"publish","type":"product","link":"https:\/\/pujadas.co\/zh-hant\/p\/plafo-smartled-ksix-boreal-rgbic-cct-o-385-cm\/","title":{"rendered":"Plaf\u00f3 SmartLED KSIX Boreal, RGBIC + CCT \u00d8 38,5 cm"},"content":{"rendered":"<p>El plaf\u00f3 LED KSIX Boreal il\u00b7luminar\u00e0 la teva vida amb la seva tecnologia de color RGBIC i les tonalitats blanques CCT. Controla totes les seves funcionalitats segons gr\u00e0cies a l&#8217;aplicaci\u00f3 iLink. No et conformis amb all\u00f2 ordinari, deixa&#8217;t portar per la m\u00e0gia de la il\u00b7luminaci\u00f3 del plaf\u00f3 LED KSIX Boreal!<\/p>\n<h4>Milions de colors simultanis<\/h4>\n<p>El Boreal utilitza la tecnologia d&#8217;il\u00b7luminaci\u00f3 de color RGBIC, cosa que significa que et pot enlluernar amb milions de colors vius i vibrants. A difer\u00e8ncia de l&#8217;avorrit RGB, aquest plaf\u00f3 ofereix una infinitat de combinacions de colors simultanis. El seu flux llumin\u00f3s de 5.600 l\u00famens modulars assegura una intensitat lum\u00ednica i una brillantor enlluernadora.<\/p>\n<h4>De blanc fred a blanc c\u00e0lid<\/h4>\n<p>El plaf\u00f3 LED KSIX Boreal ofereix tonalitats blanques CCT que van des de 3.000K fins a 6.500K, abastant des d&#8217;una llum freda fins a una c\u00e0lida en menys d&#8217;un segon. A m\u00e9s, compta amb control de brillantor perqu\u00e8 puguis ajustar la intensitat lum\u00ednica segons les teves necessitats i prefer\u00e8ncies.<\/p>\n<h4>Control total per app<\/h4>\n<p>Gr\u00e0cies a l&#8217;aplicaci\u00f3 iLink, podreu accedir a una \u00e0mplia gamma de funcionalitats del plaf\u00f3. Tria entre una gran selecci\u00f3 de colors, explora modes d&#8217;escena predefinits, configura temporitzadors i molt m\u00e9s. A m\u00e9s, amb la incorporaci\u00f3 de Wireless 4.0 tindr\u00e0s una connexi\u00f3 estable i sense complicacions. I si no tens bateria o el teu m\u00f2bil \u00e9s lluny, no et preocupis, tamb\u00e9 incloem un comandament a dist\u00e0ncia perqu\u00e8 tinguis sempre el control.<\/p>\n<h4>S&#8217;adapta a qualsevol espai<\/h4>\n<p>El plaf\u00f3 LED KSIX Boreal s&#8217;adapta a qualsevol lloc i estil gr\u00e0cies al disseny minimalista i rod\u00f3 en color blanc i les dimensions de 38,5 cent\u00edmetres de di\u00e0metre i 6 cent\u00edmetres de gruix. A m\u00e9s, gr\u00e0cies al pes de 640 grams, la instal\u00b7laci\u00f3 \u00e9s molt senzilla. Compta amb grau de protecci\u00f3 IP42, cosa que el fa resistent a la pols ia gotes d&#8217;aigua. I el millor de tot, la seva vida \u00fatil de 30.000 hores garanteix que gaudir\u00e0s d\u00b4una il\u00b7luminaci\u00f3 espectacular durant molt de temps.<\/p>\n","protected":false},"excerpt":{"rendered":"<p>El plaf\u00f3 LED KSIX Boreal il\u00b7luminar\u00e0 la teva vida amb la seva tecnologia de color RGBIC i les tonalitats blanques CCT. Controla totes les seves funcionalitats segons gr\u00e0cies a l&#8217;aplicaci\u00f3 iLink. No et conformis amb all\u00f2 ordinari, deixa&#8217;t portar per la m\u00e0gia de la il\u00b7luminaci\u00f3 del plaf\u00f3 LED KSIX Boreal!<\/p>\n","protected":false},"featured_media":1167,"comment_status":"open","ping_status":"closed","template":"","meta":{"_et_pb_use_builder":"","_et_pb_old_content":"","_et_gb_content_width":""},"product_brand":[],"product_cat":[25],"product_tag":[],"class_list":{"0":"post-1163","1":"product","2":"type-product","3":"status-publish","4":"has-post-thumbnail","6":"product_cat-iot-domotica","8":"first","9":"instock","10":"shipping-taxable","11":"purchasable","12":"product-type-simple"},"yoast_head":"<!-- This site is optimized with the Yoast SEO plugin v25.0 - https:\/\/yoast.com\/wordpress\/plugins\/seo\/ -->\n<title>Plaf\u00f3 SmartLED KSIX Boreal, RGBIC + CCT \u00d8 38,5 cm - Pujadas Proyectos T\u00e9cnicos y Formativos<\/title>\n<meta name=\"robots\" content=\"index, follow, max-snippet:-1, max-image-preview:large, max-video-preview:-1\" \/>\n<link rel=\"canonical\" href=\"https:\/\/pujadas.co\/zh-hant\/p\/plafo-smartled-ksix-boreal-rgbic-cct-o-385-cm\/\" \/>\n<meta property=\"og:locale\" content=\"zh_TW\" \/>\n<meta property=\"og:type\" content=\"article\" \/>\n<meta property=\"og:title\" content=\"Plaf\u00f3 SmartLED KSIX Boreal, RGBIC + CCT \u00d8 38,5 cm - Pujadas Proyectos T\u00e9cnicos y Formativos\" \/>\n<meta property=\"og:description\" content=\"El plaf\u00f3 LED KSIX Boreal il\u00b7luminar\u00e0 la teva vida amb la seva tecnologia de color RGBIC i les tonalitats blanques CCT. Controla totes les seves funcionalitats segons gr\u00e0cies a l&#039;aplicaci\u00f3 iLink. No et conformis amb all\u00f2 ordinari, deixa&#039;t portar per la m\u00e0gia de la il\u00b7luminaci\u00f3 del plaf\u00f3 LED KSIX Boreal!\" \/>\n<meta property=\"og:url\" content=\"https:\/\/pujadas.co\/zh-hant\/p\/plafo-smartled-ksix-boreal-rgbic-cct-o-385-cm\/\" \/>\n<meta property=\"og:site_name\" content=\"Pujadas Proyectos T\u00e9cnicos y Formativos\" \/>\n<meta property=\"article:modified_time\" content=\"2025-01-21T12:36:07+00:00\" \/>\n<meta property=\"og:image\" content=\"https:\/\/pujadas.co\/wp-content\/uploads\/2025\/01\/plafon-smartled-ksix-boreal-rgbic-cct-diametro-385-cm-5600-lm-52-w-app-ilink-blanco.jpg\" \/>\n\t<meta property=\"og:image:width\" content=\"1100\" \/>\n\t<meta property=\"og:image:height\" content=\"1422\" \/>\n\t<meta property=\"og:image:type\" content=\"image\/jpeg\" \/>\n<meta name=\"twitter:card\" content=\"summary_large_image\" \/>\n<meta name=\"twitter:label1\" content=\"\u9810\u4f30\u95b1\u8b80\u6642\u9593\" \/>\n\t<meta name=\"twitter:data1\" content=\"2 \u5206\u9418\" \/>\n<script type=\"application\/ld+json\" class=\"yoast-schema-graph\">{\"@context\":\"https:\/\/schema.org\",\"@graph\":[{\"@type\":\"WebPage\",\"@id\":\"https:\/\/pujadas.co\/zh-hant\/p\/plafo-smartled-ksix-boreal-rgbic-cct-o-385-cm\/\",\"url\":\"https:\/\/pujadas.co\/zh-hant\/p\/plafo-smartled-ksix-boreal-rgbic-cct-o-385-cm\/\",\"name\":\"Plaf\u00f3 SmartLED KSIX Boreal, RGBIC + CCT \u00d8 38,5 cm - Pujadas Proyectos T\u00e9cnicos y Formativos\",\"isPartOf\":{\"@id\":\"https:\/\/pujadas.co\/zh-hant\/#website\"},\"primaryImageOfPage\":{\"@id\":\"https:\/\/pujadas.co\/zh-hant\/p\/plafo-smartled-ksix-boreal-rgbic-cct-o-385-cm\/#primaryimage\"},\"image\":{\"@id\":\"https:\/\/pujadas.co\/zh-hant\/p\/plafo-smartled-ksix-boreal-rgbic-cct-o-385-cm\/#primaryimage\"},\"thumbnailUrl\":\"https:\/\/pujadas.co\/wp-content\/uploads\/2025\/01\/plafon-smartled-ksix-boreal-rgbic-cct-diametro-385-cm-5600-lm-52-w-app-ilink-blanco.jpg\",\"datePublished\":\"2025-01-21T08:18:14+00:00\",\"dateModified\":\"2025-01-21T12:36:07+00:00\",\"breadcrumb\":{\"@id\":\"https:\/\/pujadas.co\/zh-hant\/p\/plafo-smartled-ksix-boreal-rgbic-cct-o-385-cm\/#breadcrumb\"},\"inLanguage\":\"zh-TW\",\"potentialAction\":[{\"@type\":\"ReadAction\",\"target\":[\"https:\/\/pujadas.co\/zh-hant\/p\/plafo-smartled-ksix-boreal-rgbic-cct-o-385-cm\/\"]}]},{\"@type\":\"ImageObject\",\"inLanguage\":\"zh-TW\",\"@id\":\"https:\/\/pujadas.co\/zh-hant\/p\/plafo-smartled-ksix-boreal-rgbic-cct-o-385-cm\/#primaryimage\",\"url\":\"https:\/\/pujadas.co\/wp-content\/uploads\/2025\/01\/plafon-smartled-ksix-boreal-rgbic-cct-diametro-385-cm-5600-lm-52-w-app-ilink-blanco.jpg\",\"contentUrl\":\"https:\/\/pujadas.co\/wp-content\/uploads\/2025\/01\/plafon-smartled-ksix-boreal-rgbic-cct-diametro-385-cm-5600-lm-52-w-app-ilink-blanco.jpg\",\"width\":1100,\"height\":1422},{\"@type\":\"BreadcrumbList\",\"@id\":\"https:\/\/pujadas.co\/zh-hant\/p\/plafo-smartled-ksix-boreal-rgbic-cct-o-385-cm\/#breadcrumb\",\"itemListElement\":[{\"@type\":\"ListItem\",\"position\":1,\"name\":\"Inici\",\"item\":\"https:\/\/pujadas.co\/zh-hant\/\"},{\"@type\":\"ListItem\",\"position\":2,\"name\":\"Shop\",\"item\":\"https:\/\/pujadas.co\/productes\/\"},{\"@type\":\"ListItem\",\"position\":3,\"name\":\"Plaf\u00f3 SmartLED KSIX Boreal, RGBIC + CCT \u00d8 38,5 cm\"}]},{\"@type\":\"WebSite\",\"@id\":\"https:\/\/pujadas.co\/zh-hant\/#website\",\"url\":\"https:\/\/pujadas.co\/zh-hant\/\",\"name\":\"Pujadas Proyectos T\u00e9cnicos y Formativos\",\"description\":\"\",\"potentialAction\":[{\"@type\":\"SearchAction\",\"target\":{\"@type\":\"EntryPoint\",\"urlTemplate\":\"https:\/\/pujadas.co\/zh-hant\/?s={search_term_string}\"},\"query-input\":{\"@type\":\"PropertyValueSpecification\",\"valueRequired\":true,\"valueName\":\"search_term_string\"}}],\"inLanguage\":\"zh-TW\"}]}<\/script>\n<!-- \/ Yoast SEO plugin. -->","yoast_head_json":{"title":"Plaf\u00f3 SmartLED KSIX Boreal, RGBIC + CCT \u00d8 38,5 cm - Pujadas Proyectos T\u00e9cnicos y Formativos","robots":{"index":"index","follow":"follow","max-snippet":"max-snippet:-1","max-image-preview":"max-image-preview:large","max-video-preview":"max-video-preview:-1"},"canonical":"https:\/\/pujadas.co\/zh-hant\/p\/plafo-smartled-ksix-boreal-rgbic-cct-o-385-cm\/","og_locale":"zh_TW","og_type":"article","og_title":"Plaf\u00f3 SmartLED KSIX Boreal, RGBIC + CCT \u00d8 38,5 cm - Pujadas Proyectos T\u00e9cnicos y Formativos","og_description":"El plaf\u00f3 LED KSIX Boreal il\u00b7luminar\u00e0 la teva vida amb la seva tecnologia de color RGBIC i les tonalitats blanques CCT. Controla totes les seves funcionalitats segons gr\u00e0cies a l'aplicaci\u00f3 iLink. No et conformis amb all\u00f2 ordinari, deixa't portar per la m\u00e0gia de la il\u00b7luminaci\u00f3 del plaf\u00f3 LED KSIX Boreal!","og_url":"https:\/\/pujadas.co\/zh-hant\/p\/plafo-smartled-ksix-boreal-rgbic-cct-o-385-cm\/","og_site_name":"Pujadas Proyectos T\u00e9cnicos y Formativos","article_modified_time":"2025-01-21T12:36:07+00:00","og_image":[{"width":1100,"height":1422,"url":"https:\/\/pujadas.co\/wp-content\/uploads\/2025\/01\/plafon-smartled-ksix-boreal-rgbic-cct-diametro-385-cm-5600-lm-52-w-app-ilink-blanco.jpg","type":"image\/jpeg"}],"twitter_card":"summary_large_image","twitter_misc":{"\u9810\u4f30\u95b1\u8b80\u6642\u9593":"2 \u5206\u9418"},"schema":{"@context":"https:\/\/schema.org","@graph":[{"@type":"WebPage","@id":"https:\/\/pujadas.co\/zh-hant\/p\/plafo-smartled-ksix-boreal-rgbic-cct-o-385-cm\/","url":"https:\/\/pujadas.co\/zh-hant\/p\/plafo-smartled-ksix-boreal-rgbic-cct-o-385-cm\/","name":"Plaf\u00f3 SmartLED KSIX Boreal, RGBIC + CCT \u00d8 38,5 cm - Pujadas Proyectos T\u00e9cnicos y Formativos","isPartOf":{"@id":"https:\/\/pujadas.co\/zh-hant\/#website"},"primaryImageOfPage":{"@id":"https:\/\/pujadas.co\/zh-hant\/p\/plafo-smartled-ksix-boreal-rgbic-cct-o-385-cm\/#primaryimage"},"image":{"@id":"https:\/\/pujadas.co\/zh-hant\/p\/plafo-smartled-ksix-boreal-rgbic-cct-o-385-cm\/#primaryimage"},"thumbnailUrl":"https:\/\/pujadas.co\/wp-content\/uploads\/2025\/01\/plafon-smartled-ksix-boreal-rgbic-cct-diametro-385-cm-5600-lm-52-w-app-ilink-blanco.jpg","datePublished":"2025-01-21T08:18:14+00:00","dateModified":"2025-01-21T12:36:07+00:00","breadcrumb":{"@id":"https:\/\/pujadas.co\/zh-hant\/p\/plafo-smartled-ksix-boreal-rgbic-cct-o-385-cm\/#breadcrumb"},"inLanguage":"zh-TW","potentialAction":[{"@type":"ReadAction","target":["https:\/\/pujadas.co\/zh-hant\/p\/plafo-smartled-ksix-boreal-rgbic-cct-o-385-cm\/"]}]},{"@type":"ImageObject","inLanguage":"zh-TW","@id":"https:\/\/pujadas.co\/zh-hant\/p\/plafo-smartled-ksix-boreal-rgbic-cct-o-385-cm\/#primaryimage","url":"https:\/\/pujadas.co\/wp-content\/uploads\/2025\/01\/plafon-smartled-ksix-boreal-rgbic-cct-diametro-385-cm-5600-lm-52-w-app-ilink-blanco.jpg","contentUrl":"https:\/\/pujadas.co\/wp-content\/uploads\/2025\/01\/plafon-smartled-ksix-boreal-rgbic-cct-diametro-385-cm-5600-lm-52-w-app-ilink-blanco.jpg","width":1100,"height":1422},{"@type":"BreadcrumbList","@id":"https:\/\/pujadas.co\/zh-hant\/p\/plafo-smartled-ksix-boreal-rgbic-cct-o-385-cm\/#breadcrumb","itemListElement":[{"@type":"ListItem","position":1,"name":"Inici","item":"https:\/\/pujadas.co\/zh-hant\/"},{"@type":"ListItem","position":2,"name":"Shop","item":"https:\/\/pujadas.co\/productes\/"},{"@type":"ListItem","position":3,"name":"Plaf\u00f3 SmartLED KSIX Boreal, RGBIC + CCT \u00d8 38,5 cm"}]},{"@type":"WebSite","@id":"https:\/\/pujadas.co\/zh-hant\/#website","url":"https:\/\/pujadas.co\/zh-hant\/","name":"Pujadas Proyectos T\u00e9cnicos y Formativos","description":"","potentialAction":[{"@type":"SearchAction","target":{"@type":"EntryPoint","urlTemplate":"https:\/\/pujadas.co\/zh-hant\/?s={search_term_string}"},"query-input":{"@type":"PropertyValueSpecification","valueRequired":true,"valueName":"search_term_string"}}],"inLanguage":"zh-TW"}]}},"_links":{"self":[{"href":"https:\/\/pujadas.co\/zh-hant\/wp-json\/wp\/v2\/product\/1163","targetHints":{"allow":["GET"]}}],"collection":[{"href":"https:\/\/pujadas.co\/zh-hant\/wp-json\/wp\/v2\/product"}],"about":[{"href":"https:\/\/pujadas.co\/zh-hant\/wp-json\/wp\/v2\/types\/product"}],"replies":[{"embeddable":true,"href":"https:\/\/pujadas.co\/zh-hant\/wp-json\/wp\/v2\/comments?post=1163"}],"wp:featuredmedia":[{"embeddable":true,"href":"https:\/\/pujadas.co\/zh-hant\/wp-json\/wp\/v2\/media\/1167"}],"wp:attachment":[{"href":"https:\/\/pujadas.co\/zh-hant\/wp-json\/wp\/v2\/media?parent=1163"}],"wp:term":[{"taxonomy":"product_brand","embeddable":true,"href":"https:\/\/pujadas.co\/zh-hant\/wp-json\/wp\/v2\/product_brand?post=1163"},{"taxonomy":"product_cat","embeddable":true,"href":"https:\/\/pujadas.co\/zh-hant\/wp-json\/wp\/v2\/product_cat?post=1163"},{"taxonomy":"product_tag","embeddable":true,"href":"https:\/\/pujadas.co\/zh-hant\/wp-json\/wp\/v2\/product_tag?post=1163"}],"curies":[{"name":"wp","href":"https:\/\/api.w.org\/{rel}","templated":true}]}}